{"id":1915,"date":"2022-11-16T16:08:39","date_gmt":"2022-11-16T15:08:39","guid":{"rendered":"https:\/\/mikro.nu\/?page_id=1915"},"modified":"2023-01-27T15:11:45","modified_gmt":"2023-01-27T14:11:45","slug":"galleri","status":"publish","type":"page","link":"https:\/\/mikro.nu\/index.php\/galleri\/","title":{"rendered":"Galleri"},"content":{"rendered":"\t\t<div data-elementor-type=\"wp-post\" data-elementor-id=\"1915\" class=\"elementor elementor-1915\">\n\t\t\t\t\t\t<section class=\"elementor-section elementor-top-section elementor-element elementor-element-de3d39e elementor-section-boxed elementor-section-height-default elementor-section-height-default\" data-id=\"de3d39e\" data-element_type=\"section\" data-e-type=\"section\">\n\t\t\t\t\t\t<div class=\"elementor-container elementor-column-gap-default\">\n\t\t\t\t\t<div class=\"elementor-column elementor-col-100 elementor-top-column elementor-element elementor-element-165f52b\" data-id=\"165f52b\" data-element_type=\"column\" data-e-type=\"column\">\n\t\t\t<div class=\"elementor-widget-wrap elementor-element-populated\">\n\t\t\t\t\t\t<div class=\"elementor-element elementor-element-ce0e042 elementor-widget elementor-widget-spacer\" data-id=\"ce0e042\" data-element_type=\"widget\" data-e-type=\"widget\" data-widget_type=\"spacer.default\">\n\t\t\t\t<div class=\"elementor-widget-container\">\n\t\t\t\t\t\t\t<div class=\"elementor-spacer\">\n\t\t\t<div class=\"elementor-spacer-inner\"><\/div>\n\t\t<\/div>\n\t\t\t\t\t\t<\/div>\n\t\t\t\t<\/div>\n\t\t\t\t\t<\/div>\n\t\t<\/div>\n\t\t\t\t\t<\/div>\n\t\t<\/section>\n\t\t\t\t<section class=\"elementor-section elementor-top-section elementor-element elementor-element-7f3da5a4 elementor-section-boxed elementor-section-height-default elementor-section-height-default\" data-id=\"7f3da5a4\" data-element_type=\"section\" data-e-type=\"section\" data-settings=\"{&quot;background_background&quot;:&quot;gradient&quot;}\">\n\t\t\t\t\t\t<div class=\"elementor-container elementor-column-gap-default\">\n\t\t\t\t\t<div class=\"elementor-column elementor-col-100 elementor-top-column elementor-element elementor-element-15170593\" data-id=\"15170593\" data-element_type=\"column\" data-e-type=\"column\">\n\t\t\t<div class=\"elementor-widget-wrap elementor-element-populated\">\n\t\t\t\t\t\t<div class=\"elementor-element elementor-element-96a48c1 elementor-widget elementor-widget-heading\" data-id=\"96a48c1\" data-element_type=\"widget\" data-e-type=\"widget\" data-widget_type=\"heading.default\">\n\t\t\t\t<div class=\"elementor-widget-container\">\n\t\t\t\t\t<h2 class=\"elementor-heading-title elementor-size-default\">Galleri<\/h2>\t\t\t\t<\/div>\n\t\t\t\t<\/div>\n\t\t\t\t\t<\/div>\n\t\t<\/div>\n\t\t\t\t\t<\/div>\n\t\t<\/section>\n\t\t\t\t<section class=\"elementor-section elementor-top-section elementor-element elementor-element-58599c4 elementor-section-boxed elementor-section-height-default elementor-section-height-default\" data-id=\"58599c4\" data-element_type=\"section\" data-e-type=\"section\" data-settings=\"{&quot;background_background&quot;:&quot;classic&quot;}\">\n\t\t\t\t\t\t<div class=\"elementor-container elementor-column-gap-default\">\n\t\t\t\t\t<div class=\"elementor-column elementor-col-100 elementor-top-column elementor-element elementor-element-5d702fe\" data-id=\"5d702fe\" data-element_type=\"column\" data-e-type=\"column\">\n\t\t\t<div class=\"elementor-widget-wrap elementor-element-populated\">\n\t\t\t\t\t\t<div class=\"elementor-element elementor-element-d04abfa elementor-arrows-position-inside elementor-pagination-position-outside elementor-widget elementor-widget-image-carousel\" data-id=\"d04abfa\" data-element_type=\"widget\" data-e-type=\"widget\" data-settings=\"{&quot;navigation&quot;:&quot;both&quot;,&quot;autoplay&quot;:&quot;yes&quot;,&quot;pause_on_hover&quot;:&quot;yes&quot;,&quot;pause_on_interaction&quot;:&quot;yes&quot;,&quot;autoplay_speed&quot;:5000,&quot;infinite&quot;:&quot;yes&quot;,&quot;speed&quot;:500}\" data-widget_type=\"image-carousel.default\">\n\t\t\t\t<div class=\"elementor-widget-container\">\n\t\t\t\t\t\t\t<div class=\"elementor-image-carousel-wrapper swiper\" role=\"region\" aria-roledescription=\"carousel\" aria-label=\"Bildkarusell\" dir=\"ltr\">\n\t\t\t<div class=\"elementor-image-carousel swiper-wrapper\" aria-live=\"off\">\n\t\t\t\t\t\t\t\t<div class=\"swiper-slide\" role=\"group\" aria-roledescription=\"slide\" aria-label=\"1 av 13\"><figure class=\"swiper-slide-inner\"><img decoding=\"async\" class=\"swiper-slide-image\" src=\"https:\/\/mikro.nu\/wp-content\/uploads\/elementor\/thumbs\/1308DCD0-4783-47D3-9A56-E2BAF03BEE9F-scaled-pv3d35xo7rifg8o9i3yxm663blxwils453jh8v30dc.jpeg\" alt=\"1308DCD0-4783-47D3-9A56-E2BAF03BEE9F\" \/><\/figure><\/div><div class=\"swiper-slide\" role=\"group\" aria-roledescription=\"slide\" aria-label=\"2 av 13\"><figure class=\"swiper-slide-inner\"><img decoding=\"async\" class=\"swiper-slide-image\" src=\"https:\/\/mikro.nu\/wp-content\/uploads\/elementor\/thumbs\/7FE55CE2-7FF7-40A5-8A75-61DF391C9676-scaled-pv3cuvyu1a6j7up2u1675rcz0gqjqjx7c4qk45ct5s.jpeg\" alt=\"7FE55CE2-7FF7-40A5-8A75-61DF391C9676\" \/><\/figure><\/div><div class=\"swiper-slide\" role=\"group\" aria-roledescription=\"slide\" aria-label=\"3 av 13\"><figure class=\"swiper-slide-inner\"><img decoding=\"async\" class=\"swiper-slide-image\" src=\"https:\/\/mikro.nu\/wp-content\/uploads\/elementor\/thumbs\/587B0ACE-A646-4174-96ED-9AD8B2DFFC04-scaled-pv3cty4n78w7lw28bmjmnzwdmldc1g6v7h92u6qzds.jpeg\" alt=\"587B0ACE-A646-4174-96ED-9AD8B2DFFC04\" \/><\/figure><\/div><div class=\"swiper-slide\" role=\"group\" aria-roledescription=\"slide\" aria-label=\"4 av 13\"><figure class=\"swiper-slide-inner\"><img decoding=\"async\" class=\"swiper-slide-image\" src=\"https:\/\/mikro.nu\/wp-content\/uploads\/elementor\/thumbs\/EB2D0616-2A97-421E-8E65-4A3444591EC2-scaled-pv3cu9eph9bnh7luhrf5hx1wr7tqltfn912wlia9b4.jpeg\" alt=\"EB2D0616-2A97-421E-8E65-4A3444591EC2\" \/><\/figure><\/div><div class=\"swiper-slide\" role=\"group\" aria-roledescription=\"slide\" aria-label=\"5 av 13\"><figure class=\"swiper-slide-inner\"><img decoding=\"async\" class=\"swiper-slide-image\" src=\"https:\/\/mikro.nu\/wp-content\/uploads\/elementor\/thumbs\/68C85492-81EA-4DC7-B0E9-DB18FA80BBEA-scaled-pv3ctcicu22m6uxmtv77kncryqbw4et1gi8wstn1cw.jpeg\" alt=\"68C85492-81EA-4DC7-B0E9-DB18FA80BBEA\" \/><\/figure><\/div><div class=\"swiper-slide\" role=\"group\" aria-roledescription=\"slide\" aria-label=\"6 av 13\"><figure class=\"swiper-slide-inner\"><img decoding=\"async\" class=\"swiper-slide-image\" src=\"https:\/\/mikro.nu\/wp-content\/uploads\/elementor\/thumbs\/IMG_3817-pv34qmzb4o43gh7ed7f1f0alyn75iepm5mori0odr4.jpg\" alt=\"IMG_3817\" \/><\/figure><\/div><div class=\"swiper-slide\" role=\"group\" aria-roledescription=\"slide\" aria-label=\"7 av 13\"><figure class=\"swiper-slide-inner\"><img decoding=\"async\" class=\"swiper-slide-image\" src=\"https:\/\/mikro.nu\/wp-content\/uploads\/elementor\/thumbs\/052B97ED-35BE-44C3-9B48-D2BB7E5E7090-scaled-pzhwhkdph3ix619g13c22fv52g7anj5ghd3if80334.jpeg\" alt=\"052B97ED-35BE-44C3-9B48-D2BB7E5E7090\" \/><\/figure><\/div><div class=\"swiper-slide\" role=\"group\" aria-roledescription=\"slide\" aria-label=\"8 av 13\"><figure class=\"swiper-slide-inner\"><img decoding=\"async\" class=\"swiper-slide-image\" src=\"https:\/\/mikro.nu\/wp-content\/uploads\/elementor\/thumbs\/837165C8-FD48-4C0F-9AD7-07B7B27A5967-scaled-pzhwhgmcprdrvlewn1pjsgtaowptsqqj4uhki45ns0.jpeg\" alt=\"837165C8-FD48-4C0F-9AD7-07B7B27A5967\" \/><\/figure><\/div><div class=\"swiper-slide\" role=\"group\" aria-roledescription=\"slide\" aria-label=\"9 av 13\"><figure class=\"swiper-slide-inner\"><img decoding=\"async\" class=\"swiper-slide-image\" src=\"https:\/\/mikro.nu\/wp-content\/uploads\/elementor\/thumbs\/5F0698CB-C7EE-46D3-8308-AEE73A951523-scaled-pzhwhcuzyf8ml5kd9031ihrgbd8cxyblsbvml0b8gw.jpeg\" alt=\"5F0698CB-C7EE-46D3-8308-AEE73A951523\" \/><\/figure><\/div><div class=\"swiper-slide\" role=\"group\" aria-roledescription=\"slide\" aria-label=\"10 av 13\"><figure class=\"swiper-slide-inner\"><img decoding=\"async\" class=\"swiper-slide-image\" src=\"https:\/\/mikro.nu\/wp-content\/uploads\/elementor\/thumbs\/D4307905-4E66-4C61-84BC-EAB38DF706A9-scaled-pzhwh93n733happtuygj8iplxtqw35woft9onwgt5s.jpeg\" alt=\"D4307905-4E66-4C61-84BC-EAB38DF706A9\" \/><\/figure><\/div><div class=\"swiper-slide\" role=\"group\" aria-roledescription=\"slide\" aria-label=\"11 av 13\"><figure class=\"swiper-slide-inner\"><img decoding=\"async\" class=\"swiper-slide-image\" src=\"https:\/\/mikro.nu\/wp-content\/uploads\/elementor\/thumbs\/917E4E7C-32D6-4756-8F37-B0D000689C99-scaled-pzhwh3gm22vrd1y0rw0rtk4udiioszaaf1crs8p674.jpeg\" alt=\"917E4E7C-32D6-4756-8F37-B0D000689C99\" \/><\/figure><\/div><div class=\"swiper-slide\" role=\"group\" aria-roledescription=\"slide\" aria-label=\"12 av 13\"><figure class=\"swiper-slide-inner\"><img decoding=\"async\" class=\"swiper-slide-image\" src=\"https:\/\/mikro.nu\/wp-content\/uploads\/elementor\/thumbs\/23EFF29E-BD5A-49AD-A5A7-D2ABC90DCFC9-scaled-pzhwho528fo2gh3zf4ykcewzfzoribkdtvpgcbuie8.jpeg\" alt=\"23EFF29E-BD5A-49AD-A5A7-D2ABC90DCFC9\" \/><\/figure><\/div><div class=\"swiper-slide\" role=\"group\" aria-roledescription=\"slide\" aria-label=\"13 av 13\"><figure class=\"swiper-slide-inner\"><img decoding=\"async\" class=\"swiper-slide-image\" src=\"https:\/\/mikro.nu\/wp-content\/uploads\/elementor\/thumbs\/IMG_0187-scaled-q1a5nefdsn4l2dddbnyvfktumu2kdgi3kks4ft22sg.jpeg\" alt=\"IMG_0187\" \/><\/figure><\/div>\t\t\t<\/div>\n\t\t\t\t\t\t\t\t\t\t\t\t<div class=\"elementor-swiper-button elementor-swiper-button-prev\" role=\"button\" tabindex=\"0\">\n\t\t\t\t\t\t<i aria-hidden=\"true\" class=\"eicon-chevron-left\"><\/i>\t\t\t\t\t<\/div>\n\t\t\t\t\t<div class=\"elementor-swiper-button elementor-swiper-button-next\" role=\"button\" tabindex=\"0\">\n\t\t\t\t\t\t<i aria-hidden=\"true\" class=\"eicon-chevron-right\"><\/i>\t\t\t\t\t<\/div>\n\t\t\t\t\n\t\t\t\t\t\t\t\t\t<div class=\"swiper-pagination\"><\/div>\n\t\t\t\t\t\t\t\t\t<\/div>\n\t\t\t\t\t\t<\/div>\n\t\t\t\t<\/div>\n\t\t\t\t\t<\/div>\n\t\t<\/div>\n\t\t\t\t\t<\/div>\n\t\t<\/section>\n\t\t\t\t<section class=\"elementor-section elementor-top-section elementor-element elementor-element-e5e464c elementor-section-boxed elementor-section-height-default elementor-section-height-default\" data-id=\"e5e464c\" data-element_type=\"section\" data-e-type=\"section\" data-settings=\"{&quot;background_background&quot;:&quot;classic&quot;}\">\n\t\t\t\t\t\t<div class=\"elementor-container elementor-column-gap-default\">\n\t\t\t\t\t<div class=\"elementor-column elementor-col-100 elementor-top-column elementor-element elementor-element-fa3b8c9\" data-id=\"fa3b8c9\" data-element_type=\"column\" data-e-type=\"column\" data-settings=\"{&quot;background_background&quot;:&quot;classic&quot;}\">\n\t\t\t<div class=\"elementor-widget-wrap elementor-element-populated\">\n\t\t\t\t\t\t<section class=\"elementor-section elementor-inner-section elementor-element elementor-element-833c0f3 elementor-section-content-middle elementor-section-boxed elementor-section-height-default elementor-section-height-default\" data-id=\"833c0f3\" data-element_type=\"section\" data-e-type=\"section\">\n\t\t\t\t\t\t<div class=\"elementor-container elementor-column-gap-default\">\n\t\t\t\t\t<div class=\"elementor-column elementor-col-50 elementor-inner-column elementor-element elementor-element-b3760d9\" data-id=\"b3760d9\" data-element_type=\"column\" data-e-type=\"column\">\n\t\t\t<div class=\"elementor-widget-wrap elementor-element-populated\">\n\t\t\t\t\t\t<div class=\"elementor-element elementor-element-81d7c04 elementor-widget elementor-widget-heading\" data-id=\"81d7c04\" data-element_type=\"widget\" data-e-type=\"widget\" data-widget_type=\"heading.default\">\n\t\t\t\t<div class=\"elementor-widget-container\">\n\t\t\t\t\t<h3 class=\"elementor-heading-title elementor-size-default\">Vill du bli kund hos oss?<\/h3>\t\t\t\t<\/div>\n\t\t\t\t<\/div>\n\t\t\t\t<div class=\"elementor-element elementor-element-155e50c elementor-widget elementor-widget-text-editor\" data-id=\"155e50c\" data-element_type=\"widget\" data-e-type=\"widget\" data-widget_type=\"text-editor.default\">\n\t\t\t\t<div class=\"elementor-widget-container\">\n\t\t\t\t\t\t\t\t\t<p>Som kund hos Mikro Ekonomi kan du fokusera p\u00e5 det du \u00e4r b\u00e4st p\u00e5 \u2013 att driva ditt f\u00f6retag. Genom v\u00e5rt samarbete f\u00e5r du tillg\u00e5ng till kompetent personal som kan ge underst\u00f6d och hj\u00e4lpa dig utveckla ditt f\u00f6retagande.<\/p>\t\t\t\t\t\t\t\t<\/div>\n\t\t\t\t<\/div>\n\t\t\t\t\t<\/div>\n\t\t<\/div>\n\t\t\t\t<div class=\"elementor-column elementor-col-50 elementor-inner-column elementor-element elementor-element-1bf1c11\" data-id=\"1bf1c11\" data-element_type=\"column\" data-e-type=\"column\">\n\t\t\t<div class=\"elementor-widget-wrap elementor-element-populated\">\n\t\t\t\t\t\t<div class=\"elementor-element elementor-element-c6e9d79 elementor-align-right elementor-tablet-align-center elementor-widget elementor-widget-button\" data-id=\"c6e9d79\" data-element_type=\"widget\" data-e-type=\"widget\" data-widget_type=\"button.default\">\n\t\t\t\t<div class=\"elementor-widget-container\">\n\t\t\t\t\t\t\t\t\t<div class=\"elementor-button-wrapper\">\n\t\t\t\t\t<a class=\"elementor-button elementor-button-link elementor-size-sm\" href=\"https:\/\/mikro.nu\/index.php\/kontakt\/\">\n\t\t\t\t\t\t<span class=\"elementor-button-content-wrapper\">\n\t\t\t\t\t\t\t\t\t<span class=\"elementor-button-text\">Kontakta oss<\/span>\n\t\t\t\t\t<\/span>\n\t\t\t\t\t<\/a>\n\t\t\t\t<\/div>\n\t\t\t\t\t\t\t\t<\/div>\n\t\t\t\t<\/div>\n\t\t\t\t\t<\/div>\n\t\t<\/div>\n\t\t\t\t\t<\/div>\n\t\t<\/section>\n\t\t\t\t\t<\/div>\n\t\t<\/div>\n\t\t\t\t\t<\/div>\n\t\t<\/section>\n\t\t\t\t<\/div>\n\t\t","protected":false},"excerpt":{"rendered":"<p>Galleri F\u00f6reg\u00e5ende N\u00e4sta Vill du bli kund hos oss? Som kund hos Mikro Ekonomi kan du fokusera p\u00e5 det du \u00e4r b\u00e4st p\u00e5 \u2013 att driva ditt f\u00f6retag. Genom v\u00e5rt samarbete f\u00e5r du tillg\u00e5ng till kompetent personal som kan ge underst\u00f6d och hj\u00e4lpa dig utveckla ditt f\u00f6retagande. Kontakta oss<\/p>\n","protected":false},"author":2,"featured_media":0,"parent":0,"menu_order":0,"comment_status":"closed","ping_status":"closed","template":"","meta":{"site-sidebar-layout":"no-sidebar","site-content-layout":"page-builder","ast-site-content-layout":"default","site-content-style":"default","site-sidebar-style":"default","ast-global-header-display":"","ast-banner-title-visibility":"","ast-main-header-display":"","ast-hfb-above-header-display":"","ast-hfb-below-header-display":"","ast-hfb-mobile-header-display":"","site-post-title":"disabled","ast-breadcrumbs-content":"","ast-featured-img":"disabled","footer-sml-layout":"","ast-disable-related-posts":"","theme-transparent-header-meta":"enabled","adv-header-id-meta":"","stick-header-meta":"","header-above-stick-meta":"","header-main-stick-meta":"","header-below-stick-meta":"","astra-migrate-meta-layouts":"default","ast-page-background-enabled":"default","ast-page-background-meta":{"desktop":{"background-color":"","background-image":"","background-repeat":"repeat","background-position":"center center","background-size":"auto","background-attachment":"scroll","background-type":"","background-media":"","overlay-type":"","overlay-color":"","overlay-opacity":"","overlay-gradient":""},"tablet":{"background-color":"","background-image":"","background-repeat":"repeat","background-position":"center center","background-size":"auto","background-attachment":"scroll","background-type":"","background-media":"","overlay-type":"","overlay-color":"","overlay-opacity":"","overlay-gradient":""},"mobile":{"background-color":"","background-image":"","background-repeat":"repeat","background-position":"center center","background-size":"auto","background-attachment":"scroll","background-type":"","background-media":"","overlay-type":"","overlay-color":"","overlay-opacity":"","overlay-gradient":""}},"ast-content-background-meta":{"desktop":{"background-color":"var(--ast-global-color-5)","background-image":"","background-repeat":"repeat","background-position":"center center","background-size":"auto","background-attachment":"scroll","background-type":"","background-media":"","overlay-type":"","overlay-color":"","overlay-opacity":"","overlay-gradient":""},"tablet":{"background-color":"var(--ast-global-color-5)","background-image":"","background-repeat":"repeat","background-position":"center center","background-size":"auto","background-attachment":"scroll","background-type":"","background-media":"","overlay-type":"","overlay-color":"","overlay-opacity":"","overlay-gradient":""},"mobile":{"background-color":"var(--ast-global-color-5)","background-image":"","background-repeat":"repeat","background-position":"center center","background-size":"auto","background-attachment":"scroll","background-type":"","background-media":"","overlay-type":"","overlay-color":"","overlay-opacity":"","overlay-gradient":""}},"footnotes":""},"class_list":["post-1915","page","type-page","status-publish","hentry"],"yoast_head":"<!-- This site is optimized with the Yoast SEO plugin v27.3 - https:\/\/yoast.com\/product\/yoast-seo-wordpress\/ -->\n<title>Galleri - Mikro<\/title>\n<meta name=\"robots\" content=\"index, follow, max-snippet:-1, max-image-preview:large, max-video-preview:-1\" \/>\n<link rel=\"canonical\" href=\"https:\/\/mikro.nu\/index.php\/galleri\/\" \/>\n<meta property=\"og:locale\" content=\"sv_SE\" \/>\n<meta property=\"og:type\" content=\"article\" \/>\n<meta property=\"og:title\" content=\"Galleri - Mikro\" \/>\n<meta property=\"og:description\" content=\"Galleri F\u00f6reg\u00e5ende N\u00e4sta Vill du bli kund hos oss? Som kund hos Mikro Ekonomi kan du fokusera p\u00e5 det du \u00e4r b\u00e4st p\u00e5 \u2013 att driva ditt f\u00f6retag. Genom v\u00e5rt samarbete f\u00e5r du tillg\u00e5ng till kompetent personal som kan ge underst\u00f6d och hj\u00e4lpa dig utveckla ditt f\u00f6retagande. Kontakta oss\" \/>\n<meta property=\"og:url\" content=\"https:\/\/mikro.nu\/index.php\/galleri\/\" \/>\n<meta property=\"og:site_name\" content=\"Mikro\" \/>\n<meta property=\"article:modified_time\" content=\"2023-01-27T14:11:45+00:00\" \/>\n<meta property=\"og:image\" content=\"https:\/\/mikro.nu\/wp-content\/uploads\/elementor\/thumbs\/1308DCD0-4783-47D3-9A56-E2BAF03BEE9F-scaled-pv3d35xo7rifg8o9i3yxm663blxwils453jh8v30dc.jpeg\" \/>\n<meta name=\"twitter:card\" content=\"summary_large_image\" \/>\n<meta name=\"twitter:label1\" content=\"Ber\u00e4knad l\u00e4stid\" \/>\n\t<meta name=\"twitter:data1\" content=\"5 minuter\" \/>\n<script type=\"application\/ld+json\" class=\"yoast-schema-graph\">{\"@context\":\"https:\\\/\\\/schema.org\",\"@graph\":[{\"@type\":\"WebPage\",\"@id\":\"https:\\\/\\\/mikro.nu\\\/index.php\\\/galleri\\\/\",\"url\":\"https:\\\/\\\/mikro.nu\\\/index.php\\\/galleri\\\/\",\"name\":\"Galleri - Mikro\",\"isPartOf\":{\"@id\":\"https:\\\/\\\/mikro.nu\\\/#website\"},\"primaryImageOfPage\":{\"@id\":\"https:\\\/\\\/mikro.nu\\\/index.php\\\/galleri\\\/#primaryimage\"},\"image\":{\"@id\":\"https:\\\/\\\/mikro.nu\\\/index.php\\\/galleri\\\/#primaryimage\"},\"thumbnailUrl\":\"https:\\\/\\\/mikro.nu\\\/wp-content\\\/uploads\\\/elementor\\\/thumbs\\\/1308DCD0-4783-47D3-9A56-E2BAF03BEE9F-scaled-pv3d35xo7rifg8o9i3yxm663blxwils453jh8v30dc.jpeg\",\"datePublished\":\"2022-11-16T15:08:39+00:00\",\"dateModified\":\"2023-01-27T14:11:45+00:00\",\"breadcrumb\":{\"@id\":\"https:\\\/\\\/mikro.nu\\\/index.php\\\/galleri\\\/#breadcrumb\"},\"inLanguage\":\"sv-SE\",\"potentialAction\":[{\"@type\":\"ReadAction\",\"target\":[\"https:\\\/\\\/mikro.nu\\\/index.php\\\/galleri\\\/\"]}]},{\"@type\":\"ImageObject\",\"inLanguage\":\"sv-SE\",\"@id\":\"https:\\\/\\\/mikro.nu\\\/index.php\\\/galleri\\\/#primaryimage\",\"url\":\"https:\\\/\\\/mikro.nu\\\/wp-content\\\/uploads\\\/elementor\\\/thumbs\\\/1308DCD0-4783-47D3-9A56-E2BAF03BEE9F-scaled-pv3d35xo7rifg8o9i3yxm663blxwils453jh8v30dc.jpeg\",\"contentUrl\":\"https:\\\/\\\/mikro.nu\\\/wp-content\\\/uploads\\\/elementor\\\/thumbs\\\/1308DCD0-4783-47D3-9A56-E2BAF03BEE9F-scaled-pv3d35xo7rifg8o9i3yxm663blxwils453jh8v30dc.jpeg\"},{\"@type\":\"BreadcrumbList\",\"@id\":\"https:\\\/\\\/mikro.nu\\\/index.php\\\/galleri\\\/#breadcrumb\",\"itemListElement\":[{\"@type\":\"ListItem\",\"position\":1,\"name\":\"Hem\",\"item\":\"https:\\\/\\\/mikro.nu\\\/\"},{\"@type\":\"ListItem\",\"position\":2,\"name\":\"Galleri\"}]},{\"@type\":\"WebSite\",\"@id\":\"https:\\\/\\\/mikro.nu\\\/#website\",\"url\":\"https:\\\/\\\/mikro.nu\\\/\",\"name\":\"Mikro\",\"description\":\"Mikro Ekonomi Stockholm AB\",\"publisher\":{\"@id\":\"https:\\\/\\\/mikro.nu\\\/#organization\"},\"potentialAction\":[{\"@type\":\"SearchAction\",\"target\":{\"@type\":\"EntryPoint\",\"urlTemplate\":\"https:\\\/\\\/mikro.nu\\\/?s={search_term_string}\"},\"query-input\":{\"@type\":\"PropertyValueSpecification\",\"valueRequired\":true,\"valueName\":\"search_term_string\"}}],\"inLanguage\":\"sv-SE\"},{\"@type\":\"Organization\",\"@id\":\"https:\\\/\\\/mikro.nu\\\/#organization\",\"name\":\"Mikro Ekonomi Stockholm AB\",\"url\":\"https:\\\/\\\/mikro.nu\\\/\",\"logo\":{\"@type\":\"ImageObject\",\"inLanguage\":\"sv-SE\",\"@id\":\"https:\\\/\\\/mikro.nu\\\/#\\\/schema\\\/logo\\\/image\\\/\",\"url\":\"https:\\\/\\\/mikro.nu\\\/wp-content\\\/uploads\\\/2022\\\/11\\\/cropped-m-9.png\",\"contentUrl\":\"https:\\\/\\\/mikro.nu\\\/wp-content\\\/uploads\\\/2022\\\/11\\\/cropped-m-9.png\",\"width\":1233,\"height\":432,\"caption\":\"Mikro Ekonomi Stockholm AB\"},\"image\":{\"@id\":\"https:\\\/\\\/mikro.nu\\\/#\\\/schema\\\/logo\\\/image\\\/\"},\"sameAs\":[\"https:\\\/\\\/www.instagram.com\\\/mikro_ekonomiab\\\/\"]}]}<\/script>\n<!-- \/ Yoast SEO plugin. -->","yoast_head_json":{"title":"Galleri - Mikro","robots":{"index":"index","follow":"follow","max-snippet":"max-snippet:-1","max-image-preview":"max-image-preview:large","max-video-preview":"max-video-preview:-1"},"canonical":"https:\/\/mikro.nu\/index.php\/galleri\/","og_locale":"sv_SE","og_type":"article","og_title":"Galleri - Mikro","og_description":"Galleri F\u00f6reg\u00e5ende N\u00e4sta Vill du bli kund hos oss? Som kund hos Mikro Ekonomi kan du fokusera p\u00e5 det du \u00e4r b\u00e4st p\u00e5 \u2013 att driva ditt f\u00f6retag. Genom v\u00e5rt samarbete f\u00e5r du tillg\u00e5ng till kompetent personal som kan ge underst\u00f6d och hj\u00e4lpa dig utveckla ditt f\u00f6retagande. Kontakta oss","og_url":"https:\/\/mikro.nu\/index.php\/galleri\/","og_site_name":"Mikro","article_modified_time":"2023-01-27T14:11:45+00:00","og_image":[{"url":"https:\/\/mikro.nu\/wp-content\/uploads\/elementor\/thumbs\/1308DCD0-4783-47D3-9A56-E2BAF03BEE9F-scaled-pv3d35xo7rifg8o9i3yxm663blxwils453jh8v30dc.jpeg","type":"","width":"","height":""}],"twitter_card":"summary_large_image","twitter_misc":{"Ber\u00e4knad l\u00e4stid":"5 minuter"},"schema":{"@context":"https:\/\/schema.org","@graph":[{"@type":"WebPage","@id":"https:\/\/mikro.nu\/index.php\/galleri\/","url":"https:\/\/mikro.nu\/index.php\/galleri\/","name":"Galleri - Mikro","isPartOf":{"@id":"https:\/\/mikro.nu\/#website"},"primaryImageOfPage":{"@id":"https:\/\/mikro.nu\/index.php\/galleri\/#primaryimage"},"image":{"@id":"https:\/\/mikro.nu\/index.php\/galleri\/#primaryimage"},"thumbnailUrl":"https:\/\/mikro.nu\/wp-content\/uploads\/elementor\/thumbs\/1308DCD0-4783-47D3-9A56-E2BAF03BEE9F-scaled-pv3d35xo7rifg8o9i3yxm663blxwils453jh8v30dc.jpeg","datePublished":"2022-11-16T15:08:39+00:00","dateModified":"2023-01-27T14:11:45+00:00","breadcrumb":{"@id":"https:\/\/mikro.nu\/index.php\/galleri\/#breadcrumb"},"inLanguage":"sv-SE","potentialAction":[{"@type":"ReadAction","target":["https:\/\/mikro.nu\/index.php\/galleri\/"]}]},{"@type":"ImageObject","inLanguage":"sv-SE","@id":"https:\/\/mikro.nu\/index.php\/galleri\/#primaryimage","url":"https:\/\/mikro.nu\/wp-content\/uploads\/elementor\/thumbs\/1308DCD0-4783-47D3-9A56-E2BAF03BEE9F-scaled-pv3d35xo7rifg8o9i3yxm663blxwils453jh8v30dc.jpeg","contentUrl":"https:\/\/mikro.nu\/wp-content\/uploads\/elementor\/thumbs\/1308DCD0-4783-47D3-9A56-E2BAF03BEE9F-scaled-pv3d35xo7rifg8o9i3yxm663blxwils453jh8v30dc.jpeg"},{"@type":"BreadcrumbList","@id":"https:\/\/mikro.nu\/index.php\/galleri\/#breadcrumb","itemListElement":[{"@type":"ListItem","position":1,"name":"Hem","item":"https:\/\/mikro.nu\/"},{"@type":"ListItem","position":2,"name":"Galleri"}]},{"@type":"WebSite","@id":"https:\/\/mikro.nu\/#website","url":"https:\/\/mikro.nu\/","name":"Mikro","description":"Mikro Ekonomi Stockholm AB","publisher":{"@id":"https:\/\/mikro.nu\/#organization"},"potentialAction":[{"@type":"SearchAction","target":{"@type":"EntryPoint","urlTemplate":"https:\/\/mikro.nu\/?s={search_term_string}"},"query-input":{"@type":"PropertyValueSpecification","valueRequired":true,"valueName":"search_term_string"}}],"inLanguage":"sv-SE"},{"@type":"Organization","@id":"https:\/\/mikro.nu\/#organization","name":"Mikro Ekonomi Stockholm AB","url":"https:\/\/mikro.nu\/","logo":{"@type":"ImageObject","inLanguage":"sv-SE","@id":"https:\/\/mikro.nu\/#\/schema\/logo\/image\/","url":"https:\/\/mikro.nu\/wp-content\/uploads\/2022\/11\/cropped-m-9.png","contentUrl":"https:\/\/mikro.nu\/wp-content\/uploads\/2022\/11\/cropped-m-9.png","width":1233,"height":432,"caption":"Mikro Ekonomi Stockholm AB"},"image":{"@id":"https:\/\/mikro.nu\/#\/schema\/logo\/image\/"},"sameAs":["https:\/\/www.instagram.com\/mikro_ekonomiab\/"]}]}},"_links":{"self":[{"href":"https:\/\/mikro.nu\/index.php\/wp-json\/wp\/v2\/pages\/1915","targetHints":{"allow":["GET"]}}],"collection":[{"href":"https:\/\/mikro.nu\/index.php\/wp-json\/wp\/v2\/pages"}],"about":[{"href":"https:\/\/mikro.nu\/index.php\/wp-json\/wp\/v2\/types\/page"}],"author":[{"embeddable":true,"href":"https:\/\/mikro.nu\/index.php\/wp-json\/wp\/v2\/users\/2"}],"replies":[{"embeddable":true,"href":"https:\/\/mikro.nu\/index.php\/wp-json\/wp\/v2\/comments?post=1915"}],"version-history":[{"count":25,"href":"https:\/\/mikro.nu\/index.php\/wp-json\/wp\/v2\/pages\/1915\/revisions"}],"predecessor-version":[{"id":2844,"href":"https:\/\/mikro.nu\/index.php\/wp-json\/wp\/v2\/pages\/1915\/revisions\/2844"}],"wp:attachment":[{"href":"https:\/\/mikro.nu\/index.php\/wp-json\/wp\/v2\/media?parent=1915"}],"curies":[{"name":"wp","href":"https:\/\/api.w.org\/{rel}","templated":true}]}}