{"id":1815,"date":"2022-11-14T16:51:54","date_gmt":"2022-11-14T15:51:54","guid":{"rendered":"https:\/\/mikro.nu\/?page_id=1815"},"modified":"2023-01-30T16:31:55","modified_gmt":"2023-01-30T15:31:55","slug":"radgivning-kringtjanster","status":"publish","type":"page","link":"https:\/\/mikro.nu\/index.php\/radgivning-kringtjanster\/","title":{"rendered":"R\u00e5dgivning &amp; Kringtj\u00e4nster"},"content":{"rendered":"\t\t<div data-elementor-type=\"wp-post\" data-elementor-id=\"1815\" class=\"elementor elementor-1815\">\n\t\t\t\t\t\t<section class=\"elementor-section elementor-top-section elementor-element elementor-element-de3d39e elementor-section-boxed elementor-section-height-default elementor-section-height-default\" data-id=\"de3d39e\" data-element_type=\"section\" data-e-type=\"section\">\n\t\t\t\t\t\t<div class=\"elementor-container elementor-column-gap-default\">\n\t\t\t\t\t<div class=\"elementor-column elementor-col-100 elementor-top-column elementor-element elementor-element-165f52b\" data-id=\"165f52b\" data-element_type=\"column\" data-e-type=\"column\">\n\t\t\t<div class=\"elementor-widget-wrap elementor-element-populated\">\n\t\t\t\t\t\t<div class=\"elementor-element elementor-element-ce0e042 elementor-widget elementor-widget-spacer\" data-id=\"ce0e042\" data-element_type=\"widget\" data-e-type=\"widget\" data-widget_type=\"spacer.default\">\n\t\t\t\t<div class=\"elementor-widget-container\">\n\t\t\t\t\t\t\t<div class=\"elementor-spacer\">\n\t\t\t<div class=\"elementor-spacer-inner\"><\/div>\n\t\t<\/div>\n\t\t\t\t\t\t<\/div>\n\t\t\t\t<\/div>\n\t\t\t\t\t<\/div>\n\t\t<\/div>\n\t\t\t\t\t<\/div>\n\t\t<\/section>\n\t\t\t\t<section class=\"elementor-section elementor-top-section elementor-element elementor-element-7f3da5a4 elementor-section-boxed elementor-section-height-default elementor-section-height-default\" data-id=\"7f3da5a4\" data-element_type=\"section\" data-e-type=\"section\" data-settings=\"{&quot;background_background&quot;:&quot;gradient&quot;}\">\n\t\t\t\t\t\t<div class=\"elementor-container elementor-column-gap-default\">\n\t\t\t\t\t<div class=\"elementor-column elementor-col-100 elementor-top-column elementor-element elementor-element-15170593\" data-id=\"15170593\" data-element_type=\"column\" data-e-type=\"column\">\n\t\t\t<div class=\"elementor-widget-wrap elementor-element-populated\">\n\t\t\t\t\t\t<div class=\"elementor-element elementor-element-96a48c1 elementor-invisible elementor-widget elementor-widget-heading\" data-id=\"96a48c1\" data-element_type=\"widget\" data-e-type=\"widget\" data-settings=\"{&quot;_animation&quot;:&quot;fadeIn&quot;}\" data-widget_type=\"heading.default\">\n\t\t\t\t<div class=\"elementor-widget-container\">\n\t\t\t\t\t<h2 class=\"elementor-heading-title elementor-size-default\">R\u00e5dgivning &amp; Kringtj\u00e4nster<\/h2>\t\t\t\t<\/div>\n\t\t\t\t<\/div>\n\t\t\t\t\t<\/div>\n\t\t<\/div>\n\t\t\t\t\t<\/div>\n\t\t<\/section>\n\t\t\t\t<section class=\"elementor-section elementor-top-section elementor-element elementor-element-b13c43f elementor-section-boxed elementor-section-height-default elementor-section-height-default\" data-id=\"b13c43f\" data-element_type=\"section\" data-e-type=\"section\" data-settings=\"{&quot;background_background&quot;:&quot;classic&quot;}\">\n\t\t\t\t\t\t<div class=\"elementor-container elementor-column-gap-default\">\n\t\t\t\t\t<div class=\"elementor-column elementor-col-100 elementor-top-column elementor-element elementor-element-ba5b472\" data-id=\"ba5b472\" data-element_type=\"column\" data-e-type=\"column\">\n\t\t\t<div class=\"elementor-widget-wrap elementor-element-populated\">\n\t\t\t\t\t\t<div class=\"elementor-element elementor-element-23a0484 elementor-invisible elementor-widget elementor-widget-text-editor\" data-id=\"23a0484\" data-element_type=\"widget\" data-e-type=\"widget\" data-settings=\"{&quot;_animation&quot;:&quot;fadeIn&quot;}\" data-widget_type=\"text-editor.default\">\n\t\t\t\t<div class=\"elementor-widget-container\">\n\t\t\t\t\t\t\t\t\t<ul><li>Tj\u00e4nster som normalt ligger utanf\u00f6r ramen f\u00f6r bastj\u00e4nster och v\u00e5ra fasta avtal.<\/li><li>Aff\u00e4rsplanering, budgetering och kalkylering.<\/li><li>Avtalsskrivning, myndighets\u00e4renden, systemintegrationer och \u00f6vrig r\u00e5dgivning.<\/li><\/ul>\t\t\t\t\t\t\t\t<\/div>\n\t\t\t\t<\/div>\n\t\t\t\t\t<\/div>\n\t\t<\/div>\n\t\t\t\t\t<\/div>\n\t\t<\/section>\n\t\t\t\t<section class=\"elementor-section elementor-top-section elementor-element elementor-element-e4f1994 elementor-section-boxed elementor-section-height-default elementor-section-height-default\" data-id=\"e4f1994\" data-element_type=\"section\" data-e-type=\"section\" data-settings=\"{&quot;background_background&quot;:&quot;classic&quot;}\">\n\t\t\t\t\t\t<div class=\"elementor-container elementor-column-gap-default\">\n\t\t\t\t\t<div class=\"elementor-column elementor-col-100 elementor-top-column elementor-element elementor-element-40ab323\" data-id=\"40ab323\" data-element_type=\"column\" data-e-type=\"column\">\n\t\t\t<div class=\"elementor-widget-wrap elementor-element-populated\">\n\t\t\t\t\t\t<div class=\"elementor-element elementor-element-f2e9995 elementor-widget elementor-widget-spacer\" data-id=\"f2e9995\" data-element_type=\"widget\" data-e-type=\"widget\" data-widget_type=\"spacer.default\">\n\t\t\t\t<div class=\"elementor-widget-container\">\n\t\t\t\t\t\t\t<div class=\"elementor-spacer\">\n\t\t\t<div class=\"elementor-spacer-inner\"><\/div>\n\t\t<\/div>\n\t\t\t\t\t\t<\/div>\n\t\t\t\t<\/div>\n\t\t\t\t\t<\/div>\n\t\t<\/div>\n\t\t\t\t\t<\/div>\n\t\t<\/section>\n\t\t\t\t<section class=\"elementor-section elementor-top-section elementor-element elementor-element-8846640 elementor-section-boxed elementor-section-height-default elementor-section-height-default\" data-id=\"8846640\" data-element_type=\"section\" data-e-type=\"section\" data-settings=\"{&quot;background_background&quot;:&quot;classic&quot;}\">\n\t\t\t\t\t\t<div class=\"elementor-container elementor-column-gap-default\">\n\t\t\t\t\t<div class=\"elementor-column elementor-col-100 elementor-top-column elementor-element elementor-element-6db62fa\" data-id=\"6db62fa\" data-element_type=\"column\" data-e-type=\"column\" data-settings=\"{&quot;background_background&quot;:&quot;classic&quot;}\">\n\t\t\t<div class=\"elementor-widget-wrap elementor-element-populated\">\n\t\t\t\t\t\t<section class=\"elementor-section elementor-inner-section elementor-element elementor-element-614b110 elementor-section-content-middle elementor-section-boxed elementor-section-height-default elementor-section-height-default\" data-id=\"614b110\" data-element_type=\"section\" data-e-type=\"section\">\n\t\t\t\t\t\t<div class=\"elementor-container elementor-column-gap-default\">\n\t\t\t\t\t<div class=\"elementor-column elementor-col-50 elementor-inner-column elementor-element elementor-element-054ede4\" data-id=\"054ede4\" data-element_type=\"column\" data-e-type=\"column\">\n\t\t\t<div class=\"elementor-widget-wrap elementor-element-populated\">\n\t\t\t\t\t\t<div class=\"elementor-element elementor-element-a523570 elementor-widget elementor-widget-heading\" data-id=\"a523570\" data-element_type=\"widget\" data-e-type=\"widget\" data-widget_type=\"heading.default\">\n\t\t\t\t<div class=\"elementor-widget-container\">\n\t\t\t\t\t<h3 class=\"elementor-heading-title elementor-size-default\">Vill du bli kund hos oss?<\/h3>\t\t\t\t<\/div>\n\t\t\t\t<\/div>\n\t\t\t\t<div class=\"elementor-element elementor-element-3157fd2 elementor-widget elementor-widget-text-editor\" data-id=\"3157fd2\" data-element_type=\"widget\" data-e-type=\"widget\" data-widget_type=\"text-editor.default\">\n\t\t\t\t<div class=\"elementor-widget-container\">\n\t\t\t\t\t\t\t\t\t<p>Som kund hos Mikro Ekonomi kan du fokusera p\u00e5 det du \u00e4r b\u00e4st p\u00e5 \u2013 att driva ditt f\u00f6retag. Genom v\u00e5rt samarbete f\u00e5r du tillg\u00e5ng till kompetent personal som kan ge underst\u00f6d och hj\u00e4lpa dig utveckla ditt f\u00f6retagande.<\/p>\t\t\t\t\t\t\t\t<\/div>\n\t\t\t\t<\/div>\n\t\t\t\t\t<\/div>\n\t\t<\/div>\n\t\t\t\t<div class=\"elementor-column elementor-col-50 elementor-inner-column elementor-element elementor-element-264e196\" data-id=\"264e196\" data-element_type=\"column\" data-e-type=\"column\">\n\t\t\t<div class=\"elementor-widget-wrap elementor-element-populated\">\n\t\t\t\t\t\t<div class=\"elementor-element elementor-element-8ec9413 elementor-align-right elementor-tablet-align-center elementor-widget elementor-widget-button\" data-id=\"8ec9413\" data-element_type=\"widget\" data-e-type=\"widget\" data-widget_type=\"button.default\">\n\t\t\t\t<div class=\"elementor-widget-container\">\n\t\t\t\t\t\t\t\t\t<div class=\"elementor-button-wrapper\">\n\t\t\t\t\t<a class=\"elementor-button elementor-button-link elementor-size-sm\" href=\"https:\/\/mikro.nu\/index.php\/kontakt\/\">\n\t\t\t\t\t\t<span class=\"elementor-button-content-wrapper\">\n\t\t\t\t\t\t\t\t\t<span class=\"elementor-button-text\">KONTAKTA OSS<\/span>\n\t\t\t\t\t<\/span>\n\t\t\t\t\t<\/a>\n\t\t\t\t<\/div>\n\t\t\t\t\t\t\t\t<\/div>\n\t\t\t\t<\/div>\n\t\t\t\t\t<\/div>\n\t\t<\/div>\n\t\t\t\t\t<\/div>\n\t\t<\/section>\n\t\t\t\t\t<\/div>\n\t\t<\/div>\n\t\t\t\t\t<\/div>\n\t\t<\/section>\n\t\t\t\t<\/div>\n\t\t","protected":false},"excerpt":{"rendered":"<p>R\u00e5dgivning &#038; Kringtj\u00e4nster Tj\u00e4nster som normalt ligger utanf\u00f6r ramen f\u00f6r bastj\u00e4nster och v\u00e5ra fasta avtal. Aff\u00e4rsplanering, budgetering och kalkylering. Avtalsskrivning, myndighets\u00e4renden, systemintegrationer och \u00f6vrig r\u00e5dgivning. Vill du bli kund hos oss? Som kund hos Mikro Ekonomi kan du fokusera p\u00e5 det du \u00e4r b\u00e4st p\u00e5 \u2013 att driva ditt f\u00f6retag. Genom v\u00e5rt samarbete f\u00e5r du [&hellip;]<\/p>\n","protected":false},"author":2,"featured_media":0,"parent":0,"menu_order":0,"comment_status":"closed","ping_status":"closed","template":"","meta":{"site-sidebar-layout":"no-sidebar","site-content-layout":"page-builder","ast-site-content-layout":"default","site-content-style":"default","site-sidebar-style":"default","ast-global-header-display":"","ast-banner-title-visibility":"","ast-main-header-display":"","ast-hfb-above-header-display":"","ast-hfb-below-header-display":"","ast-hfb-mobile-header-display":"","site-post-title":"disabled","ast-breadcrumbs-content":"","ast-featured-img":"disabled","footer-sml-layout":"","ast-disable-related-posts":"","theme-transparent-header-meta":"enabled","adv-header-id-meta":"","stick-header-meta":"","header-above-stick-meta":"","header-main-stick-meta":"","header-below-stick-meta":"","astra-migrate-meta-layouts":"default","ast-page-background-enabled":"default","ast-page-background-meta":{"desktop":{"background-color":"","background-image":"","background-repeat":"repeat","background-position":"center center","background-size":"auto","background-attachment":"scroll","background-type":"","background-media":"","overlay-type":"","overlay-color":"","overlay-opacity":"","overlay-gradient":""},"tablet":{"background-color":"","background-image":"","background-repeat":"repeat","background-position":"center center","background-size":"auto","background-attachment":"scroll","background-type":"","background-media":"","overlay-type":"","overlay-color":"","overlay-opacity":"","overlay-gradient":""},"mobile":{"background-color":"","background-image":"","background-repeat":"repeat","background-position":"center center","background-size":"auto","background-attachment":"scroll","background-type":"","background-media":"","overlay-type":"","overlay-color":"","overlay-opacity":"","overlay-gradient":""}},"ast-content-background-meta":{"desktop":{"background-color":"var(--ast-global-color-5)","background-image":"","background-repeat":"repeat","background-position":"center center","background-size":"auto","background-attachment":"scroll","background-type":"","background-media":"","overlay-type":"","overlay-color":"","overlay-opacity":"","overlay-gradient":""},"tablet":{"background-color":"var(--ast-global-color-5)","background-image":"","background-repeat":"repeat","background-position":"center center","background-size":"auto","background-attachment":"scroll","background-type":"","background-media":"","overlay-type":"","overlay-color":"","overlay-opacity":"","overlay-gradient":""},"mobile":{"background-color":"var(--ast-global-color-5)","background-image":"","background-repeat":"repeat","background-position":"center center","background-size":"auto","background-attachment":"scroll","background-type":"","background-media":"","overlay-type":"","overlay-color":"","overlay-opacity":"","overlay-gradient":""}},"footnotes":""},"class_list":["post-1815","page","type-page","status-publish","hentry"],"yoast_head":"<!-- This site is optimized with the Yoast SEO plugin v27.3 - https:\/\/yoast.com\/product\/yoast-seo-wordpress\/ -->\n<title>R\u00e5dgivning &amp; Kringtj\u00e4nster - Mikro<\/title>\n<meta name=\"robots\" content=\"index, follow, max-snippet:-1, max-image-preview:large, max-video-preview:-1\" \/>\n<link rel=\"canonical\" href=\"https:\/\/mikro.nu\/index.php\/radgivning-kringtjanster\/\" \/>\n<meta property=\"og:locale\" content=\"sv_SE\" \/>\n<meta property=\"og:type\" content=\"article\" \/>\n<meta property=\"og:title\" content=\"R\u00e5dgivning &amp; Kringtj\u00e4nster - Mikro\" \/>\n<meta property=\"og:description\" content=\"R\u00e5dgivning &#038; Kringtj\u00e4nster Tj\u00e4nster som normalt ligger utanf\u00f6r ramen f\u00f6r bastj\u00e4nster och v\u00e5ra fasta avtal. Aff\u00e4rsplanering, budgetering och kalkylering. Avtalsskrivning, myndighets\u00e4renden, systemintegrationer och \u00f6vrig r\u00e5dgivning. Vill du bli kund hos oss? Som kund hos Mikro Ekonomi kan du fokusera p\u00e5 det du \u00e4r b\u00e4st p\u00e5 \u2013 att driva ditt f\u00f6retag. Genom v\u00e5rt samarbete f\u00e5r du [&hellip;]\" \/>\n<meta property=\"og:url\" content=\"https:\/\/mikro.nu\/index.php\/radgivning-kringtjanster\/\" \/>\n<meta property=\"og:site_name\" content=\"Mikro\" \/>\n<meta property=\"article:modified_time\" content=\"2023-01-30T15:31:55+00:00\" \/>\n<meta name=\"twitter:card\" content=\"summary_large_image\" \/>\n<meta name=\"twitter:label1\" content=\"Ber\u00e4knad l\u00e4stid\" \/>\n\t<meta name=\"twitter:data1\" content=\"1 minut\" \/>\n<script type=\"application\/ld+json\" class=\"yoast-schema-graph\">{\"@context\":\"https:\\\/\\\/schema.org\",\"@graph\":[{\"@type\":\"WebPage\",\"@id\":\"https:\\\/\\\/mikro.nu\\\/index.php\\\/radgivning-kringtjanster\\\/\",\"url\":\"https:\\\/\\\/mikro.nu\\\/index.php\\\/radgivning-kringtjanster\\\/\",\"name\":\"R\u00e5dgivning &amp; Kringtj\u00e4nster - Mikro\",\"isPartOf\":{\"@id\":\"https:\\\/\\\/mikro.nu\\\/#website\"},\"datePublished\":\"2022-11-14T15:51:54+00:00\",\"dateModified\":\"2023-01-30T15:31:55+00:00\",\"breadcrumb\":{\"@id\":\"https:\\\/\\\/mikro.nu\\\/index.php\\\/radgivning-kringtjanster\\\/#breadcrumb\"},\"inLanguage\":\"sv-SE\",\"potentialAction\":[{\"@type\":\"ReadAction\",\"target\":[\"https:\\\/\\\/mikro.nu\\\/index.php\\\/radgivning-kringtjanster\\\/\"]}]},{\"@type\":\"BreadcrumbList\",\"@id\":\"https:\\\/\\\/mikro.nu\\\/index.php\\\/radgivning-kringtjanster\\\/#breadcrumb\",\"itemListElement\":[{\"@type\":\"ListItem\",\"position\":1,\"name\":\"Hem\",\"item\":\"https:\\\/\\\/mikro.nu\\\/\"},{\"@type\":\"ListItem\",\"position\":2,\"name\":\"R\u00e5dgivning &amp; Kringtj\u00e4nster\"}]},{\"@type\":\"WebSite\",\"@id\":\"https:\\\/\\\/mikro.nu\\\/#website\",\"url\":\"https:\\\/\\\/mikro.nu\\\/\",\"name\":\"Mikro\",\"description\":\"Mikro Ekonomi Stockholm AB\",\"publisher\":{\"@id\":\"https:\\\/\\\/mikro.nu\\\/#organization\"},\"potentialAction\":[{\"@type\":\"SearchAction\",\"target\":{\"@type\":\"EntryPoint\",\"urlTemplate\":\"https:\\\/\\\/mikro.nu\\\/?s={search_term_string}\"},\"query-input\":{\"@type\":\"PropertyValueSpecification\",\"valueRequired\":true,\"valueName\":\"search_term_string\"}}],\"inLanguage\":\"sv-SE\"},{\"@type\":\"Organization\",\"@id\":\"https:\\\/\\\/mikro.nu\\\/#organization\",\"name\":\"Mikro Ekonomi Stockholm AB\",\"url\":\"https:\\\/\\\/mikro.nu\\\/\",\"logo\":{\"@type\":\"ImageObject\",\"inLanguage\":\"sv-SE\",\"@id\":\"https:\\\/\\\/mikro.nu\\\/#\\\/schema\\\/logo\\\/image\\\/\",\"url\":\"https:\\\/\\\/mikro.nu\\\/wp-content\\\/uploads\\\/2022\\\/11\\\/cropped-m-9.png\",\"contentUrl\":\"https:\\\/\\\/mikro.nu\\\/wp-content\\\/uploads\\\/2022\\\/11\\\/cropped-m-9.png\",\"width\":1233,\"height\":432,\"caption\":\"Mikro Ekonomi Stockholm AB\"},\"image\":{\"@id\":\"https:\\\/\\\/mikro.nu\\\/#\\\/schema\\\/logo\\\/image\\\/\"},\"sameAs\":[\"https:\\\/\\\/www.instagram.com\\\/mikro_ekonomiab\\\/\"]}]}<\/script>\n<!-- \/ Yoast SEO plugin. -->","yoast_head_json":{"title":"R\u00e5dgivning &amp; Kringtj\u00e4nster - Mikro","robots":{"index":"index","follow":"follow","max-snippet":"max-snippet:-1","max-image-preview":"max-image-preview:large","max-video-preview":"max-video-preview:-1"},"canonical":"https:\/\/mikro.nu\/index.php\/radgivning-kringtjanster\/","og_locale":"sv_SE","og_type":"article","og_title":"R\u00e5dgivning &amp; Kringtj\u00e4nster - Mikro","og_description":"R\u00e5dgivning &#038; Kringtj\u00e4nster Tj\u00e4nster som normalt ligger utanf\u00f6r ramen f\u00f6r bastj\u00e4nster och v\u00e5ra fasta avtal. Aff\u00e4rsplanering, budgetering och kalkylering. Avtalsskrivning, myndighets\u00e4renden, systemintegrationer och \u00f6vrig r\u00e5dgivning. Vill du bli kund hos oss? Som kund hos Mikro Ekonomi kan du fokusera p\u00e5 det du \u00e4r b\u00e4st p\u00e5 \u2013 att driva ditt f\u00f6retag. Genom v\u00e5rt samarbete f\u00e5r du [&hellip;]","og_url":"https:\/\/mikro.nu\/index.php\/radgivning-kringtjanster\/","og_site_name":"Mikro","article_modified_time":"2023-01-30T15:31:55+00:00","twitter_card":"summary_large_image","twitter_misc":{"Ber\u00e4knad l\u00e4stid":"1 minut"},"schema":{"@context":"https:\/\/schema.org","@graph":[{"@type":"WebPage","@id":"https:\/\/mikro.nu\/index.php\/radgivning-kringtjanster\/","url":"https:\/\/mikro.nu\/index.php\/radgivning-kringtjanster\/","name":"R\u00e5dgivning &amp; Kringtj\u00e4nster - Mikro","isPartOf":{"@id":"https:\/\/mikro.nu\/#website"},"datePublished":"2022-11-14T15:51:54+00:00","dateModified":"2023-01-30T15:31:55+00:00","breadcrumb":{"@id":"https:\/\/mikro.nu\/index.php\/radgivning-kringtjanster\/#breadcrumb"},"inLanguage":"sv-SE","potentialAction":[{"@type":"ReadAction","target":["https:\/\/mikro.nu\/index.php\/radgivning-kringtjanster\/"]}]},{"@type":"BreadcrumbList","@id":"https:\/\/mikro.nu\/index.php\/radgivning-kringtjanster\/#breadcrumb","itemListElement":[{"@type":"ListItem","position":1,"name":"Hem","item":"https:\/\/mikro.nu\/"},{"@type":"ListItem","position":2,"name":"R\u00e5dgivning &amp; Kringtj\u00e4nster"}]},{"@type":"WebSite","@id":"https:\/\/mikro.nu\/#website","url":"https:\/\/mikro.nu\/","name":"Mikro","description":"Mikro Ekonomi Stockholm AB","publisher":{"@id":"https:\/\/mikro.nu\/#organization"},"potentialAction":[{"@type":"SearchAction","target":{"@type":"EntryPoint","urlTemplate":"https:\/\/mikro.nu\/?s={search_term_string}"},"query-input":{"@type":"PropertyValueSpecification","valueRequired":true,"valueName":"search_term_string"}}],"inLanguage":"sv-SE"},{"@type":"Organization","@id":"https:\/\/mikro.nu\/#organization","name":"Mikro Ekonomi Stockholm AB","url":"https:\/\/mikro.nu\/","logo":{"@type":"ImageObject","inLanguage":"sv-SE","@id":"https:\/\/mikro.nu\/#\/schema\/logo\/image\/","url":"https:\/\/mikro.nu\/wp-content\/uploads\/2022\/11\/cropped-m-9.png","contentUrl":"https:\/\/mikro.nu\/wp-content\/uploads\/2022\/11\/cropped-m-9.png","width":1233,"height":432,"caption":"Mikro Ekonomi Stockholm AB"},"image":{"@id":"https:\/\/mikro.nu\/#\/schema\/logo\/image\/"},"sameAs":["https:\/\/www.instagram.com\/mikro_ekonomiab\/"]}]}},"_links":{"self":[{"href":"https:\/\/mikro.nu\/index.php\/wp-json\/wp\/v2\/pages\/1815","targetHints":{"allow":["GET"]}}],"collection":[{"href":"https:\/\/mikro.nu\/index.php\/wp-json\/wp\/v2\/pages"}],"about":[{"href":"https:\/\/mikro.nu\/index.php\/wp-json\/wp\/v2\/types\/page"}],"author":[{"embeddable":true,"href":"https:\/\/mikro.nu\/index.php\/wp-json\/wp\/v2\/users\/2"}],"replies":[{"embeddable":true,"href":"https:\/\/mikro.nu\/index.php\/wp-json\/wp\/v2\/comments?post=1815"}],"version-history":[{"count":29,"href":"https:\/\/mikro.nu\/index.php\/wp-json\/wp\/v2\/pages\/1815\/revisions"}],"predecessor-version":[{"id":2859,"href":"https:\/\/mikro.nu\/index.php\/wp-json\/wp\/v2\/pages\/1815\/revisions\/2859"}],"wp:attachment":[{"href":"https:\/\/mikro.nu\/index.php\/wp-json\/wp\/v2\/media?parent=1815"}],"curies":[{"name":"wp","href":"https:\/\/api.w.org\/{rel}","templated":true}]}}