{"id":1805,"date":"2022-11-14T16:50:46","date_gmt":"2022-11-14T15:50:46","guid":{"rendered":"https:\/\/mikro.nu\/?page_id=1805"},"modified":"2023-01-31T09:55:40","modified_gmt":"2023-01-31T08:55:40","slug":"loneadministration-human-resources","status":"publish","type":"page","link":"https:\/\/mikro.nu\/index.php\/loneadministration-human-resources\/","title":{"rendered":"L\u00f6neadministration &amp; Human Resources"},"content":{"rendered":"\t\t<div data-elementor-type=\"wp-post\" data-elementor-id=\"1805\" class=\"elementor elementor-1805\">\n\t\t\t\t\t\t<section class=\"elementor-section elementor-top-section elementor-element elementor-element-de3d39e elementor-section-boxed elementor-section-height-default elementor-section-height-default\" data-id=\"de3d39e\" data-element_type=\"section\" data-e-type=\"section\">\n\t\t\t\t\t\t<div class=\"elementor-container elementor-column-gap-default\">\n\t\t\t\t\t<div class=\"elementor-column elementor-col-100 elementor-top-column elementor-element elementor-element-165f52b\" data-id=\"165f52b\" data-element_type=\"column\" data-e-type=\"column\">\n\t\t\t<div class=\"elementor-widget-wrap elementor-element-populated\">\n\t\t\t\t\t\t<div class=\"elementor-element elementor-element-ce0e042 elementor-widget elementor-widget-spacer\" data-id=\"ce0e042\" data-element_type=\"widget\" data-e-type=\"widget\" data-widget_type=\"spacer.default\">\n\t\t\t\t<div class=\"elementor-widget-container\">\n\t\t\t\t\t\t\t<div class=\"elementor-spacer\">\n\t\t\t<div class=\"elementor-spacer-inner\"><\/div>\n\t\t<\/div>\n\t\t\t\t\t\t<\/div>\n\t\t\t\t<\/div>\n\t\t\t\t\t<\/div>\n\t\t<\/div>\n\t\t\t\t\t<\/div>\n\t\t<\/section>\n\t\t\t\t<section class=\"elementor-section elementor-top-section elementor-element elementor-element-7f3da5a4 elementor-section-boxed elementor-section-height-default elementor-section-height-default\" data-id=\"7f3da5a4\" data-element_type=\"section\" data-e-type=\"section\" data-settings=\"{&quot;background_background&quot;:&quot;gradient&quot;}\">\n\t\t\t\t\t\t<div class=\"elementor-container elementor-column-gap-default\">\n\t\t\t\t\t<div class=\"elementor-column elementor-col-100 elementor-top-column elementor-element elementor-element-15170593\" data-id=\"15170593\" data-element_type=\"column\" data-e-type=\"column\">\n\t\t\t<div class=\"elementor-widget-wrap elementor-element-populated\">\n\t\t\t\t\t\t<div class=\"elementor-element elementor-element-96a48c1 elementor-invisible elementor-widget elementor-widget-heading\" data-id=\"96a48c1\" data-element_type=\"widget\" data-e-type=\"widget\" data-settings=\"{&quot;_animation&quot;:&quot;fadeIn&quot;}\" data-widget_type=\"heading.default\">\n\t\t\t\t<div class=\"elementor-widget-container\">\n\t\t\t\t\t<h2 class=\"elementor-heading-title elementor-size-default\">L\u00f6neadministration &amp; Human Resources<\/h2>\t\t\t\t<\/div>\n\t\t\t\t<\/div>\n\t\t\t\t\t<\/div>\n\t\t<\/div>\n\t\t\t\t\t<\/div>\n\t\t<\/section>\n\t\t\t\t<section class=\"elementor-section elementor-top-section elementor-element elementor-element-b13c43f elementor-section-boxed elementor-section-height-default elementor-section-height-default\" data-id=\"b13c43f\" data-element_type=\"section\" data-e-type=\"section\" data-settings=\"{&quot;background_background&quot;:&quot;classic&quot;}\">\n\t\t\t\t\t\t<div class=\"elementor-container elementor-column-gap-default\">\n\t\t\t\t\t<div class=\"elementor-column elementor-col-100 elementor-top-column elementor-element elementor-element-ba5b472 elementor-invisible\" data-id=\"ba5b472\" data-element_type=\"column\" data-e-type=\"column\" data-settings=\"{&quot;animation&quot;:&quot;fadeIn&quot;}\">\n\t\t\t<div class=\"elementor-widget-wrap elementor-element-populated\">\n\t\t\t\t\t\t<div class=\"elementor-element elementor-element-23a0484 elementor-invisible elementor-widget elementor-widget-text-editor\" data-id=\"23a0484\" data-element_type=\"widget\" data-e-type=\"widget\" data-settings=\"{&quot;_animation&quot;:&quot;fadeIn&quot;}\" data-widget_type=\"text-editor.default\">\n\t\t\t\t<div class=\"elementor-widget-container\">\n\t\t\t\t\t\t\t\t\t<ul><li>Upps\u00e4ttning av f\u00f6rsystem efter \u00f6nskem\u00e5l<\/li><li>L\u00f6neadministration i molnbaserat system<\/li><li>GDPR-s\u00e4krad hantering av personuppgifter och effektiva l\u00f6neprocesser<\/li><\/ul><p>Vi erbjuder fasta avtal f\u00f6r bastj\u00e4nster som kan kompletteras med skr\u00e4ddarsydda tj\u00e4nster enligt avrop. HR-tj\u00e4nster som punktinsatser eller l\u00f6pande.<\/p>\t\t\t\t\t\t\t\t<\/div>\n\t\t\t\t<\/div>\n\t\t\t\t\t<\/div>\n\t\t<\/div>\n\t\t\t\t\t<\/div>\n\t\t<\/section>\n\t\t\t\t<section class=\"elementor-section elementor-top-section elementor-element elementor-element-9eb7ca2 elementor-section-boxed elementor-section-height-default elementor-section-height-default\" data-id=\"9eb7ca2\" data-element_type=\"section\" data-e-type=\"section\" data-settings=\"{&quot;background_background&quot;:&quot;classic&quot;}\">\n\t\t\t\t\t\t<div class=\"elementor-container elementor-column-gap-default\">\n\t\t\t\t\t<div class=\"elementor-column elementor-col-100 elementor-top-column elementor-element elementor-element-e72af86\" data-id=\"e72af86\" data-element_type=\"column\" data-e-type=\"column\">\n\t\t\t<div class=\"elementor-widget-wrap elementor-element-populated\">\n\t\t\t\t\t\t<div class=\"elementor-element elementor-element-cf765a6 elementor-widget elementor-widget-spacer\" data-id=\"cf765a6\" data-element_type=\"widget\" data-e-type=\"widget\" data-widget_type=\"spacer.default\">\n\t\t\t\t<div class=\"elementor-widget-container\">\n\t\t\t\t\t\t\t<div class=\"elementor-spacer\">\n\t\t\t<div class=\"elementor-spacer-inner\"><\/div>\n\t\t<\/div>\n\t\t\t\t\t\t<\/div>\n\t\t\t\t<\/div>\n\t\t\t\t\t<\/div>\n\t\t<\/div>\n\t\t\t\t\t<\/div>\n\t\t<\/section>\n\t\t\t\t<section class=\"elementor-section elementor-top-section elementor-element elementor-element-308f003 elementor-section-boxed elementor-section-height-default elementor-section-height-default\" data-id=\"308f003\" data-element_type=\"section\" data-e-type=\"section\" data-settings=\"{&quot;background_background&quot;:&quot;classic&quot;}\">\n\t\t\t\t\t\t<div class=\"elementor-container elementor-column-gap-default\">\n\t\t\t\t\t<div class=\"elementor-column elementor-col-100 elementor-top-column elementor-element elementor-element-3370de0\" data-id=\"3370de0\" data-element_type=\"column\" data-e-type=\"column\" data-settings=\"{&quot;background_background&quot;:&quot;classic&quot;}\">\n\t\t\t<div class=\"elementor-widget-wrap elementor-element-populated\">\n\t\t\t\t\t\t<section class=\"elementor-section elementor-inner-section elementor-element elementor-element-73f996e elementor-section-content-middle elementor-section-boxed elementor-section-height-default elementor-section-height-default\" data-id=\"73f996e\" data-element_type=\"section\" data-e-type=\"section\">\n\t\t\t\t\t\t<div class=\"elementor-container elementor-column-gap-default\">\n\t\t\t\t\t<div class=\"elementor-column elementor-col-50 elementor-inner-column elementor-element elementor-element-3d7b72f\" data-id=\"3d7b72f\" data-element_type=\"column\" data-e-type=\"column\">\n\t\t\t<div class=\"elementor-widget-wrap elementor-element-populated\">\n\t\t\t\t\t\t<div class=\"elementor-element elementor-element-8349f64 elementor-widget elementor-widget-heading\" data-id=\"8349f64\" data-element_type=\"widget\" data-e-type=\"widget\" data-widget_type=\"heading.default\">\n\t\t\t\t<div class=\"elementor-widget-container\">\n\t\t\t\t\t<h3 class=\"elementor-heading-title elementor-size-default\">Vill du bli kund hos oss?<\/h3>\t\t\t\t<\/div>\n\t\t\t\t<\/div>\n\t\t\t\t<div class=\"elementor-element elementor-element-c1ba4c1 elementor-widget elementor-widget-text-editor\" data-id=\"c1ba4c1\" data-element_type=\"widget\" data-e-type=\"widget\" data-widget_type=\"text-editor.default\">\n\t\t\t\t<div class=\"elementor-widget-container\">\n\t\t\t\t\t\t\t\t\t<p>Som kund hos Mikro Ekonomi kan du fokusera p\u00e5 det du \u00e4r b\u00e4st p\u00e5 \u2013 att driva ditt f\u00f6retag. Genom v\u00e5rt samarbete f\u00e5r du tillg\u00e5ng till kompetent personal som kan ge underst\u00f6d och hj\u00e4lpa dig utveckla ditt f\u00f6retagande.<\/p>\t\t\t\t\t\t\t\t<\/div>\n\t\t\t\t<\/div>\n\t\t\t\t\t<\/div>\n\t\t<\/div>\n\t\t\t\t<div class=\"elementor-column elementor-col-50 elementor-inner-column elementor-element elementor-element-bf5b3df\" data-id=\"bf5b3df\" data-element_type=\"column\" data-e-type=\"column\">\n\t\t\t<div class=\"elementor-widget-wrap elementor-element-populated\">\n\t\t\t\t\t\t<div class=\"elementor-element elementor-element-e3fcf13 elementor-align-right elementor-tablet-align-center elementor-widget elementor-widget-button\" data-id=\"e3fcf13\" data-element_type=\"widget\" data-e-type=\"widget\" data-widget_type=\"button.default\">\n\t\t\t\t<div class=\"elementor-widget-container\">\n\t\t\t\t\t\t\t\t\t<div class=\"elementor-button-wrapper\">\n\t\t\t\t\t<a class=\"elementor-button elementor-button-link elementor-size-sm\" href=\"https:\/\/mikro.nu\/index.php\/kontakt\/\">\n\t\t\t\t\t\t<span class=\"elementor-button-content-wrapper\">\n\t\t\t\t\t\t\t\t\t<span class=\"elementor-button-text\">KONTAKTA OSS<\/span>\n\t\t\t\t\t<\/span>\n\t\t\t\t\t<\/a>\n\t\t\t\t<\/div>\n\t\t\t\t\t\t\t\t<\/div>\n\t\t\t\t<\/div>\n\t\t\t\t\t<\/div>\n\t\t<\/div>\n\t\t\t\t\t<\/div>\n\t\t<\/section>\n\t\t\t\t\t<\/div>\n\t\t<\/div>\n\t\t\t\t\t<\/div>\n\t\t<\/section>\n\t\t\t\t<\/div>\n\t\t","protected":false},"excerpt":{"rendered":"<p>L\u00f6neadministration &amp; Human Resources Upps\u00e4ttning av f\u00f6rsystem efter \u00f6nskem\u00e5l L\u00f6neadministration i molnbaserat system GDPR-s\u00e4krad hantering av personuppgifter och effektiva l\u00f6neprocesser Vi erbjuder fasta avtal f\u00f6r bastj\u00e4nster som kan kompletteras med skr\u00e4ddarsydda tj\u00e4nster enligt avrop. HR-tj\u00e4nster som punktinsatser eller l\u00f6pande. Vill du bli kund hos oss? Som kund hos Mikro Ekonomi kan du fokusera p\u00e5 det [&hellip;]<\/p>\n","protected":false},"author":2,"featured_media":0,"parent":0,"menu_order":0,"comment_status":"closed","ping_status":"closed","template":"","meta":{"site-sidebar-layout":"no-sidebar","site-content-layout":"page-builder","ast-site-content-layout":"default","site-content-style":"default","site-sidebar-style":"default","ast-global-header-display":"","ast-banner-title-visibility":"","ast-main-header-display":"","ast-hfb-above-header-display":"","ast-hfb-below-header-display":"","ast-hfb-mobile-header-display":"","site-post-title":"disabled","ast-breadcrumbs-content":"","ast-featured-img":"disabled","footer-sml-layout":"","ast-disable-related-posts":"","theme-transparent-header-meta":"enabled","adv-header-id-meta":"","stick-header-meta":"","header-above-stick-meta":"","header-main-stick-meta":"","header-below-stick-meta":"","astra-migrate-meta-layouts":"default","ast-page-background-enabled":"default","ast-page-background-meta":{"desktop":{"background-color":"","background-image":"","background-repeat":"repeat","background-position":"center center","background-size":"auto","background-attachment":"scroll","background-type":"","background-media":"","overlay-type":"","overlay-color":"","overlay-opacity":"","overlay-gradient":""},"tablet":{"background-color":"","background-image":"","background-repeat":"repeat","background-position":"center center","background-size":"auto","background-attachment":"scroll","background-type":"","background-media":"","overlay-type":"","overlay-color":"","overlay-opacity":"","overlay-gradient":""},"mobile":{"background-color":"","background-image":"","background-repeat":"repeat","background-position":"center center","background-size":"auto","background-attachment":"scroll","background-type":"","background-media":"","overlay-type":"","overlay-color":"","overlay-opacity":"","overlay-gradient":""}},"ast-content-background-meta":{"desktop":{"background-color":"var(--ast-global-color-5)","background-image":"","background-repeat":"repeat","background-position":"center center","background-size":"auto","background-attachment":"scroll","background-type":"","background-media":"","overlay-type":"","overlay-color":"","overlay-opacity":"","overlay-gradient":""},"tablet":{"background-color":"var(--ast-global-color-5)","background-image":"","background-repeat":"repeat","background-position":"center center","background-size":"auto","background-attachment":"scroll","background-type":"","background-media":"","overlay-type":"","overlay-color":"","overlay-opacity":"","overlay-gradient":""},"mobile":{"background-color":"var(--ast-global-color-5)","background-image":"","background-repeat":"repeat","background-position":"center center","background-size":"auto","background-attachment":"scroll","background-type":"","background-media":"","overlay-type":"","overlay-color":"","overlay-opacity":"","overlay-gradient":""}},"footnotes":""},"class_list":["post-1805","page","type-page","status-publish","hentry"],"yoast_head":"<!-- This site is optimized with the Yoast SEO plugin v27.3 - https:\/\/yoast.com\/product\/yoast-seo-wordpress\/ -->\n<title>L\u00f6neadministration &amp; Human Resources - Mikro<\/title>\n<meta name=\"robots\" content=\"index, follow, max-snippet:-1, max-image-preview:large, max-video-preview:-1\" \/>\n<link rel=\"canonical\" href=\"https:\/\/mikro.nu\/index.php\/loneadministration-human-resources\/\" \/>\n<meta property=\"og:locale\" content=\"sv_SE\" \/>\n<meta property=\"og:type\" content=\"article\" \/>\n<meta property=\"og:title\" content=\"L\u00f6neadministration &amp; Human Resources - Mikro\" \/>\n<meta property=\"og:description\" content=\"L\u00f6neadministration &amp; Human Resources Upps\u00e4ttning av f\u00f6rsystem efter \u00f6nskem\u00e5l L\u00f6neadministration i molnbaserat system GDPR-s\u00e4krad hantering av personuppgifter och effektiva l\u00f6neprocesser Vi erbjuder fasta avtal f\u00f6r bastj\u00e4nster som kan kompletteras med skr\u00e4ddarsydda tj\u00e4nster enligt avrop. HR-tj\u00e4nster som punktinsatser eller l\u00f6pande. Vill du bli kund hos oss? Som kund hos Mikro Ekonomi kan du fokusera p\u00e5 det [&hellip;]\" \/>\n<meta property=\"og:url\" content=\"https:\/\/mikro.nu\/index.php\/loneadministration-human-resources\/\" \/>\n<meta property=\"og:site_name\" content=\"Mikro\" \/>\n<meta property=\"article:modified_time\" content=\"2023-01-31T08:55:40+00:00\" \/>\n<meta name=\"twitter:card\" content=\"summary_large_image\" \/>\n<meta name=\"twitter:label1\" content=\"Ber\u00e4knad l\u00e4stid\" \/>\n\t<meta name=\"twitter:data1\" content=\"1 minut\" \/>\n<script type=\"application\/ld+json\" class=\"yoast-schema-graph\">{\"@context\":\"https:\\\/\\\/schema.org\",\"@graph\":[{\"@type\":\"WebPage\",\"@id\":\"https:\\\/\\\/mikro.nu\\\/index.php\\\/loneadministration-human-resources\\\/\",\"url\":\"https:\\\/\\\/mikro.nu\\\/index.php\\\/loneadministration-human-resources\\\/\",\"name\":\"L\u00f6neadministration &amp; Human Resources - Mikro\",\"isPartOf\":{\"@id\":\"https:\\\/\\\/mikro.nu\\\/#website\"},\"datePublished\":\"2022-11-14T15:50:46+00:00\",\"dateModified\":\"2023-01-31T08:55:40+00:00\",\"breadcrumb\":{\"@id\":\"https:\\\/\\\/mikro.nu\\\/index.php\\\/loneadministration-human-resources\\\/#breadcrumb\"},\"inLanguage\":\"sv-SE\",\"potentialAction\":[{\"@type\":\"ReadAction\",\"target\":[\"https:\\\/\\\/mikro.nu\\\/index.php\\\/loneadministration-human-resources\\\/\"]}]},{\"@type\":\"BreadcrumbList\",\"@id\":\"https:\\\/\\\/mikro.nu\\\/index.php\\\/loneadministration-human-resources\\\/#breadcrumb\",\"itemListElement\":[{\"@type\":\"ListItem\",\"position\":1,\"name\":\"Hem\",\"item\":\"https:\\\/\\\/mikro.nu\\\/\"},{\"@type\":\"ListItem\",\"position\":2,\"name\":\"L\u00f6neadministration &amp; Human Resources\"}]},{\"@type\":\"WebSite\",\"@id\":\"https:\\\/\\\/mikro.nu\\\/#website\",\"url\":\"https:\\\/\\\/mikro.nu\\\/\",\"name\":\"Mikro\",\"description\":\"Mikro Ekonomi Stockholm AB\",\"publisher\":{\"@id\":\"https:\\\/\\\/mikro.nu\\\/#organization\"},\"potentialAction\":[{\"@type\":\"SearchAction\",\"target\":{\"@type\":\"EntryPoint\",\"urlTemplate\":\"https:\\\/\\\/mikro.nu\\\/?s={search_term_string}\"},\"query-input\":{\"@type\":\"PropertyValueSpecification\",\"valueRequired\":true,\"valueName\":\"search_term_string\"}}],\"inLanguage\":\"sv-SE\"},{\"@type\":\"Organization\",\"@id\":\"https:\\\/\\\/mikro.nu\\\/#organization\",\"name\":\"Mikro Ekonomi Stockholm AB\",\"url\":\"https:\\\/\\\/mikro.nu\\\/\",\"logo\":{\"@type\":\"ImageObject\",\"inLanguage\":\"sv-SE\",\"@id\":\"https:\\\/\\\/mikro.nu\\\/#\\\/schema\\\/logo\\\/image\\\/\",\"url\":\"https:\\\/\\\/mikro.nu\\\/wp-content\\\/uploads\\\/2022\\\/11\\\/cropped-m-9.png\",\"contentUrl\":\"https:\\\/\\\/mikro.nu\\\/wp-content\\\/uploads\\\/2022\\\/11\\\/cropped-m-9.png\",\"width\":1233,\"height\":432,\"caption\":\"Mikro Ekonomi Stockholm AB\"},\"image\":{\"@id\":\"https:\\\/\\\/mikro.nu\\\/#\\\/schema\\\/logo\\\/image\\\/\"},\"sameAs\":[\"https:\\\/\\\/www.instagram.com\\\/mikro_ekonomiab\\\/\"]}]}<\/script>\n<!-- \/ Yoast SEO plugin. -->","yoast_head_json":{"title":"L\u00f6neadministration &amp; Human Resources - Mikro","robots":{"index":"index","follow":"follow","max-snippet":"max-snippet:-1","max-image-preview":"max-image-preview:large","max-video-preview":"max-video-preview:-1"},"canonical":"https:\/\/mikro.nu\/index.php\/loneadministration-human-resources\/","og_locale":"sv_SE","og_type":"article","og_title":"L\u00f6neadministration &amp; Human Resources - Mikro","og_description":"L\u00f6neadministration &amp; Human Resources Upps\u00e4ttning av f\u00f6rsystem efter \u00f6nskem\u00e5l L\u00f6neadministration i molnbaserat system GDPR-s\u00e4krad hantering av personuppgifter och effektiva l\u00f6neprocesser Vi erbjuder fasta avtal f\u00f6r bastj\u00e4nster som kan kompletteras med skr\u00e4ddarsydda tj\u00e4nster enligt avrop. HR-tj\u00e4nster som punktinsatser eller l\u00f6pande. Vill du bli kund hos oss? Som kund hos Mikro Ekonomi kan du fokusera p\u00e5 det [&hellip;]","og_url":"https:\/\/mikro.nu\/index.php\/loneadministration-human-resources\/","og_site_name":"Mikro","article_modified_time":"2023-01-31T08:55:40+00:00","twitter_card":"summary_large_image","twitter_misc":{"Ber\u00e4knad l\u00e4stid":"1 minut"},"schema":{"@context":"https:\/\/schema.org","@graph":[{"@type":"WebPage","@id":"https:\/\/mikro.nu\/index.php\/loneadministration-human-resources\/","url":"https:\/\/mikro.nu\/index.php\/loneadministration-human-resources\/","name":"L\u00f6neadministration &amp; Human Resources - Mikro","isPartOf":{"@id":"https:\/\/mikro.nu\/#website"},"datePublished":"2022-11-14T15:50:46+00:00","dateModified":"2023-01-31T08:55:40+00:00","breadcrumb":{"@id":"https:\/\/mikro.nu\/index.php\/loneadministration-human-resources\/#breadcrumb"},"inLanguage":"sv-SE","potentialAction":[{"@type":"ReadAction","target":["https:\/\/mikro.nu\/index.php\/loneadministration-human-resources\/"]}]},{"@type":"BreadcrumbList","@id":"https:\/\/mikro.nu\/index.php\/loneadministration-human-resources\/#breadcrumb","itemListElement":[{"@type":"ListItem","position":1,"name":"Hem","item":"https:\/\/mikro.nu\/"},{"@type":"ListItem","position":2,"name":"L\u00f6neadministration &amp; Human Resources"}]},{"@type":"WebSite","@id":"https:\/\/mikro.nu\/#website","url":"https:\/\/mikro.nu\/","name":"Mikro","description":"Mikro Ekonomi Stockholm AB","publisher":{"@id":"https:\/\/mikro.nu\/#organization"},"potentialAction":[{"@type":"SearchAction","target":{"@type":"EntryPoint","urlTemplate":"https:\/\/mikro.nu\/?s={search_term_string}"},"query-input":{"@type":"PropertyValueSpecification","valueRequired":true,"valueName":"search_term_string"}}],"inLanguage":"sv-SE"},{"@type":"Organization","@id":"https:\/\/mikro.nu\/#organization","name":"Mikro Ekonomi Stockholm AB","url":"https:\/\/mikro.nu\/","logo":{"@type":"ImageObject","inLanguage":"sv-SE","@id":"https:\/\/mikro.nu\/#\/schema\/logo\/image\/","url":"https:\/\/mikro.nu\/wp-content\/uploads\/2022\/11\/cropped-m-9.png","contentUrl":"https:\/\/mikro.nu\/wp-content\/uploads\/2022\/11\/cropped-m-9.png","width":1233,"height":432,"caption":"Mikro Ekonomi Stockholm AB"},"image":{"@id":"https:\/\/mikro.nu\/#\/schema\/logo\/image\/"},"sameAs":["https:\/\/www.instagram.com\/mikro_ekonomiab\/"]}]}},"_links":{"self":[{"href":"https:\/\/mikro.nu\/index.php\/wp-json\/wp\/v2\/pages\/1805","targetHints":{"allow":["GET"]}}],"collection":[{"href":"https:\/\/mikro.nu\/index.php\/wp-json\/wp\/v2\/pages"}],"about":[{"href":"https:\/\/mikro.nu\/index.php\/wp-json\/wp\/v2\/types\/page"}],"author":[{"embeddable":true,"href":"https:\/\/mikro.nu\/index.php\/wp-json\/wp\/v2\/users\/2"}],"replies":[{"embeddable":true,"href":"https:\/\/mikro.nu\/index.php\/wp-json\/wp\/v2\/comments?post=1805"}],"version-history":[{"count":44,"href":"https:\/\/mikro.nu\/index.php\/wp-json\/wp\/v2\/pages\/1805\/revisions"}],"predecessor-version":[{"id":2875,"href":"https:\/\/mikro.nu\/index.php\/wp-json\/wp\/v2\/pages\/1805\/revisions\/2875"}],"wp:attachment":[{"href":"https:\/\/mikro.nu\/index.php\/wp-json\/wp\/v2\/media?parent=1805"}],"curies":[{"name":"wp","href":"https:\/\/api.w.org\/{rel}","templated":true}]}}