{"id":1780,"date":"2022-11-14T16:29:41","date_gmt":"2022-11-14T15:29:41","guid":{"rendered":"https:\/\/mikro.nu\/?page_id=1780"},"modified":"2022-12-22T12:56:32","modified_gmt":"2022-12-22T11:56:32","slug":"om-oss-2","status":"publish","type":"page","link":"https:\/\/mikro.nu\/index.php\/om-oss-2\/","title":{"rendered":"Om Mikro"},"content":{"rendered":"\t\t<div data-elementor-type=\"wp-post\" data-elementor-id=\"1780\" class=\"elementor elementor-1780\">\n\t\t\t\t\t\t<section class=\"elementor-section elementor-top-section elementor-element elementor-element-4ae63c00 elementor-section-height-min-height elementor-section-boxed elementor-section-height-default elementor-section-items-middle elementor-invisible\" data-id=\"4ae63c00\" data-element_type=\"section\" data-e-type=\"section\" data-settings=\"{&quot;background_background&quot;:&quot;classic&quot;,&quot;animation&quot;:&quot;fadeIn&quot;}\">\n\t\t\t\t\t\t\t<div class=\"elementor-background-overlay\"><\/div>\n\t\t\t\t\t\t\t<div class=\"elementor-container elementor-column-gap-no\">\n\t\t\t\t\t<div class=\"elementor-column elementor-col-100 elementor-top-column elementor-element elementor-element-2df56f35\" data-id=\"2df56f35\" data-element_type=\"column\" data-e-type=\"column\">\n\t\t\t<div class=\"elementor-widget-wrap elementor-element-populated\">\n\t\t\t\t\t\t<div class=\"elementor-element elementor-element-2afa6b23 elementor-widget elementor-widget-heading\" data-id=\"2afa6b23\" data-element_type=\"widget\" data-e-type=\"widget\" data-widget_type=\"heading.default\">\n\t\t\t\t<div class=\"elementor-widget-container\">\n\t\t\t\t\t<h1 class=\"elementor-heading-title elementor-size-xxl\">Om oss<\/h1>\t\t\t\t<\/div>\n\t\t\t\t<\/div>\n\t\t\t\t<div class=\"elementor-element elementor-element-1f7bd3d elementor-widget elementor-widget-heading\" data-id=\"1f7bd3d\" data-element_type=\"widget\" data-e-type=\"widget\" data-widget_type=\"heading.default\">\n\t\t\t\t<div class=\"elementor-widget-container\">\n\t\t\t\t\t<h2 class=\"elementor-heading-title elementor-size-xl\">Mikro Ekonomi Stockholm AB<\/h2>\t\t\t\t<\/div>\n\t\t\t\t<\/div>\n\t\t\t\t<div class=\"elementor-element elementor-element-6de4b859 elementor-widget elementor-widget-text-editor\" data-id=\"6de4b859\" data-element_type=\"widget\" data-e-type=\"widget\" data-widget_type=\"text-editor.default\">\n\t\t\t\t<div class=\"elementor-widget-container\">\n\t\t\t\t\t\t\t\t\t<p>Vi bedriver konsultverksamhet inom&nbsp;<span style=\"font-style: inherit; font-weight: inherit;\">ekonomi, redovisning och l\u00f6neadministration.<\/span><\/p>\t\t\t\t\t\t\t\t<\/div>\n\t\t\t\t<\/div>\n\t\t\t\t\t<\/div>\n\t\t<\/div>\n\t\t\t\t\t<\/div>\n\t\t<\/section>\n\t\t\t\t<section class=\"elementor-section elementor-top-section elementor-element elementor-element-6ae625ba elementor-section-boxed elementor-section-height-default elementor-section-height-default\" data-id=\"6ae625ba\" data-element_type=\"section\" data-e-type=\"section\" data-settings=\"{&quot;background_background&quot;:&quot;classic&quot;}\">\n\t\t\t\t\t\t<div class=\"elementor-container elementor-column-gap-no\">\n\t\t\t\t\t<div class=\"elementor-column elementor-col-100 elementor-top-column elementor-element elementor-element-6df658f1\" data-id=\"6df658f1\" data-element_type=\"column\" data-e-type=\"column\">\n\t\t\t<div class=\"elementor-widget-wrap elementor-element-populated\">\n\t\t\t\t\t\t<section class=\"elementor-section elementor-inner-section elementor-element elementor-element-5f856341 elementor-section-boxed elementor-section-height-default elementor-section-height-default\" data-id=\"5f856341\" data-element_type=\"section\" data-e-type=\"section\">\n\t\t\t\t\t\t<div class=\"elementor-container elementor-column-gap-default\">\n\t\t\t\t\t<div class=\"elementor-column elementor-col-33 elementor-inner-column elementor-element elementor-element-61a99efd\" data-id=\"61a99efd\" data-element_type=\"column\" data-e-type=\"column\" data-settings=\"{&quot;background_background&quot;:&quot;classic&quot;}\">\n\t\t\t<div class=\"elementor-widget-wrap elementor-element-populated\">\n\t\t\t\t\t\t<div class=\"elementor-element elementor-element-24c0e696 elementor-widget-divider--view-line elementor-widget elementor-widget-divider\" data-id=\"24c0e696\" data-element_type=\"widget\" data-e-type=\"widget\" data-widget_type=\"divider.default\">\n\t\t\t\t<div class=\"elementor-widget-container\">\n\t\t\t\t\t\t\t<div class=\"elementor-divider\">\n\t\t\t<span class=\"elementor-divider-separator\">\n\t\t\t\t\t\t<\/span>\n\t\t<\/div>\n\t\t\t\t\t\t<\/div>\n\t\t\t\t<\/div>\n\t\t\t\t<div class=\"elementor-element elementor-element-1ee123e2 elementor-widget elementor-widget-heading\" data-id=\"1ee123e2\" data-element_type=\"widget\" data-e-type=\"widget\" data-widget_type=\"heading.default\">\n\t\t\t\t<div class=\"elementor-widget-container\">\n\t\t\t\t\t<h3 class=\"elementor-heading-title elementor-size-medium\">Vilka \u00e4r vi?<\/h3>\t\t\t\t<\/div>\n\t\t\t\t<\/div>\n\t\t\t\t<div class=\"elementor-element elementor-element-abb4b96 elementor-widget elementor-widget-text-editor\" data-id=\"abb4b96\" data-element_type=\"widget\" data-e-type=\"widget\" data-widget_type=\"text-editor.default\">\n\t\t\t\t<div class=\"elementor-widget-container\">\n\t\t\t\t\t\t\t\t\t<p>Vi \u00e4r en ekonomibyr\u00e5 med m\u00e5nga \u00e5rs erfarenhet som v\u00e4rderar kunskap, flitigt arbete och ett bra samarbete med kund som kollega. Idag \u00e4r det en andra \u00e4gargeneration best\u00e5ende av tv\u00e5 seniora medarbetare som driver byr\u00e5n. Vi \u00e4r totalt \u00e5tta medarbetare som har varit med och lotsat v\u00e5r byr\u00e5 fr\u00e5n en traditionell bokf\u00f6ringsbyr\u00e5 till en modern ekonomibyr\u00e5. Kontoret \u00e4r bel\u00e4get i vackra M\u00e4larh\u00f6jden, men vi finns \u00e4ven p\u00e5 molnet. Vi \u00e4r Mikro Ekonomi Stockholm AB. V\u00e4lkomna till oss!<\/p>\t\t\t\t\t\t\t\t<\/div>\n\t\t\t\t<\/div>\n\t\t\t\t\t<\/div>\n\t\t<\/div>\n\t\t\t\t<div class=\"elementor-column elementor-col-33 elementor-inner-column elementor-element elementor-element-fd41cbc\" data-id=\"fd41cbc\" data-element_type=\"column\" data-e-type=\"column\" data-settings=\"{&quot;background_background&quot;:&quot;classic&quot;}\">\n\t\t\t<div class=\"elementor-widget-wrap elementor-element-populated\">\n\t\t\t\t\t\t<div class=\"elementor-element elementor-element-371a2828 elementor-widget-divider--view-line elementor-widget elementor-widget-divider\" data-id=\"371a2828\" data-element_type=\"widget\" data-e-type=\"widget\" data-widget_type=\"divider.default\">\n\t\t\t\t<div class=\"elementor-widget-container\">\n\t\t\t\t\t\t\t<div class=\"elementor-divider\">\n\t\t\t<span class=\"elementor-divider-separator\">\n\t\t\t\t\t\t<\/span>\n\t\t<\/div>\n\t\t\t\t\t\t<\/div>\n\t\t\t\t<\/div>\n\t\t\t\t<div class=\"elementor-element elementor-element-1b8b4b04 elementor-widget elementor-widget-heading\" data-id=\"1b8b4b04\" data-element_type=\"widget\" data-e-type=\"widget\" data-widget_type=\"heading.default\">\n\t\t\t\t<div class=\"elementor-widget-container\">\n\t\t\t\t\t<h3 class=\"elementor-heading-title elementor-size-medium\">Nyckeln till framg\u00e5ng<\/h3>\t\t\t\t<\/div>\n\t\t\t\t<\/div>\n\t\t\t\t<div class=\"elementor-element elementor-element-7c1a697b elementor-widget elementor-widget-text-editor\" data-id=\"7c1a697b\" data-element_type=\"widget\" data-e-type=\"widget\" data-widget_type=\"text-editor.default\">\n\t\t\t\t<div class=\"elementor-widget-container\">\n\t\t\t\t\t\t\t\t\t<p>Strukturkapitalet i v\u00e5rt f\u00f6retag \u00e4r nyckeln till framg\u00e5ng. Det finns en stor ackumulerad kunskap och know-how bland v\u00e5ra medarbetare. Vi arbetar aktivt med b\u00e5de intern och extern kunskaps\u00f6verf\u00f6ring. Standardisering och i f\u00f6rekommande fall digitalisering av processer och rutiner ska st\u00e4rka v\u00e5rt f\u00f6retag s\u00e5v\u00e4l som v\u00e5ra kundf\u00f6retag.<\/p>\t\t\t\t\t\t\t\t<\/div>\n\t\t\t\t<\/div>\n\t\t\t\t\t<\/div>\n\t\t<\/div>\n\t\t\t\t<div class=\"elementor-column elementor-col-33 elementor-inner-column elementor-element elementor-element-de09c03\" data-id=\"de09c03\" data-element_type=\"column\" data-e-type=\"column\" data-settings=\"{&quot;background_background&quot;:&quot;classic&quot;}\">\n\t\t\t<div class=\"elementor-widget-wrap elementor-element-populated\">\n\t\t\t\t\t\t<div class=\"elementor-element elementor-element-759c5282 elementor-widget-divider--view-line elementor-widget elementor-widget-divider\" data-id=\"759c5282\" data-element_type=\"widget\" data-e-type=\"widget\" data-widget_type=\"divider.default\">\n\t\t\t\t<div class=\"elementor-widget-container\">\n\t\t\t\t\t\t\t<div class=\"elementor-divider\">\n\t\t\t<span class=\"elementor-divider-separator\">\n\t\t\t\t\t\t<\/span>\n\t\t<\/div>\n\t\t\t\t\t\t<\/div>\n\t\t\t\t<\/div>\n\t\t\t\t<div class=\"elementor-element elementor-element-2c74da27 elementor-widget elementor-widget-heading\" data-id=\"2c74da27\" data-element_type=\"widget\" data-e-type=\"widget\" data-widget_type=\"heading.default\">\n\t\t\t\t<div class=\"elementor-widget-container\">\n\t\t\t\t\t<h3 class=\"elementor-heading-title elementor-size-medium\">V\u00e5ra k\u00e4rnv\u00e4rderingar\n<\/h3>\t\t\t\t<\/div>\n\t\t\t\t<\/div>\n\t\t\t\t<div class=\"elementor-element elementor-element-1c7d0c9b elementor-icon-list--layout-traditional elementor-list-item-link-full_width elementor-widget elementor-widget-icon-list\" data-id=\"1c7d0c9b\" data-element_type=\"widget\" data-e-type=\"widget\" data-widget_type=\"icon-list.default\">\n\t\t\t\t<div class=\"elementor-widget-container\">\n\t\t\t\t\t\t\t<ul class=\"elementor-icon-list-items\">\n\t\t\t\t\t\t\t<li class=\"elementor-icon-list-item\">\n\t\t\t\t\t\t\t\t\t\t\t<span class=\"elementor-icon-list-icon\">\n\t\t\t\t\t\t\t<i aria-hidden=\"true\" class=\"fas fa-caret-right\"><\/i>\t\t\t\t\t\t<\/span>\n\t\t\t\t\t\t\t\t\t\t<span class=\"elementor-icon-list-text\">Lojalitet<\/span>\n\t\t\t\t\t\t\t\t\t<\/li>\n\t\t\t\t\t\t\t\t<li class=\"elementor-icon-list-item\">\n\t\t\t\t\t\t\t\t\t\t\t<span class=\"elementor-icon-list-icon\">\n\t\t\t\t\t\t\t<i aria-hidden=\"true\" class=\"fas fa-caret-right\"><\/i>\t\t\t\t\t\t<\/span>\n\t\t\t\t\t\t\t\t\t\t<span class=\"elementor-icon-list-text\">\u00d6dmjukhet<\/span>\n\t\t\t\t\t\t\t\t\t<\/li>\n\t\t\t\t\t\t\t\t<li class=\"elementor-icon-list-item\">\n\t\t\t\t\t\t\t\t\t\t\t<span class=\"elementor-icon-list-icon\">\n\t\t\t\t\t\t\t<i aria-hidden=\"true\" class=\"fas fa-caret-right\"><\/i>\t\t\t\t\t\t<\/span>\n\t\t\t\t\t\t\t\t\t\t<span class=\"elementor-icon-list-text\">F\u00f6rm\u00e5ga &amp; ambition att l\u00e4ra sig nytt<\/span>\n\t\t\t\t\t\t\t\t\t<\/li>\n\t\t\t\t\t\t\t\t<li class=\"elementor-icon-list-item\">\n\t\t\t\t\t\t\t\t\t\t\t<span class=\"elementor-icon-list-icon\">\n\t\t\t\t\t\t\t<i aria-hidden=\"true\" class=\"fas fa-caret-right\"><\/i>\t\t\t\t\t\t<\/span>\n\t\t\t\t\t\t\t\t\t\t<span class=\"elementor-icon-list-text\">F\u00f6rm\u00e5ga &amp; ambition att samarbeta<\/span>\n\t\t\t\t\t\t\t\t\t<\/li>\n\t\t\t\t\t\t\t\t<li class=\"elementor-icon-list-item\">\n\t\t\t\t\t\t\t\t\t\t\t<span class=\"elementor-icon-list-icon\">\n\t\t\t\t\t\t\t<i aria-hidden=\"true\" class=\"fas fa-caret-right\"><\/i>\t\t\t\t\t\t<\/span>\n\t\t\t\t\t\t\t\t\t\t<span class=\"elementor-icon-list-text\">F\u00f6rm\u00e5ga &amp; ambition att vara en klippa<\/span>\n\t\t\t\t\t\t\t\t\t<\/li>\n\t\t\t\t\t\t<\/ul>\n\t\t\t\t\t\t<\/div>\n\t\t\t\t<\/div>\n\t\t\t\t\t<\/div>\n\t\t<\/div>\n\t\t\t\t\t<\/div>\n\t\t<\/section>\n\t\t\t\t\t<\/div>\n\t\t<\/div>\n\t\t\t\t\t<\/div>\n\t\t<\/section>\n\t\t\t\t<section class=\"elementor-section elementor-top-section elementor-element elementor-element-5892edd elementor-section-boxed elementor-section-height-default elementor-section-height-default\" data-id=\"5892edd\" data-element_type=\"section\" data-e-type=\"section\" data-settings=\"{&quot;background_background&quot;:&quot;classic&quot;}\">\n\t\t\t\t\t\t<div class=\"elementor-container elementor-column-gap-default\">\n\t\t\t\t\t<div class=\"elementor-column elementor-col-100 elementor-top-column elementor-element elementor-element-67a2e43\" data-id=\"67a2e43\" data-element_type=\"column\" data-e-type=\"column\" data-settings=\"{&quot;background_background&quot;:&quot;classic&quot;}\">\n\t\t\t<div class=\"elementor-widget-wrap elementor-element-populated\">\n\t\t\t\t\t\t<section class=\"elementor-section elementor-inner-section elementor-element elementor-element-b5d9af1 elementor-section-content-middle elementor-section-boxed elementor-section-height-default elementor-section-height-default\" data-id=\"b5d9af1\" data-element_type=\"section\" data-e-type=\"section\">\n\t\t\t\t\t\t<div class=\"elementor-container elementor-column-gap-default\">\n\t\t\t\t\t<div class=\"elementor-column elementor-col-50 elementor-inner-column elementor-element elementor-element-6e86677\" data-id=\"6e86677\" data-element_type=\"column\" data-e-type=\"column\">\n\t\t\t<div class=\"elementor-widget-wrap elementor-element-populated\">\n\t\t\t\t\t\t<div class=\"elementor-element elementor-element-547d231 elementor-widget elementor-widget-heading\" data-id=\"547d231\" data-element_type=\"widget\" data-e-type=\"widget\" data-widget_type=\"heading.default\">\n\t\t\t\t<div class=\"elementor-widget-container\">\n\t\t\t\t\t<h3 class=\"elementor-heading-title elementor-size-default\">Vill du bli kund hos oss?<\/h3>\t\t\t\t<\/div>\n\t\t\t\t<\/div>\n\t\t\t\t<div class=\"elementor-element elementor-element-ae73fd2 elementor-widget elementor-widget-text-editor\" data-id=\"ae73fd2\" data-element_type=\"widget\" data-e-type=\"widget\" data-widget_type=\"text-editor.default\">\n\t\t\t\t<div class=\"elementor-widget-container\">\n\t\t\t\t\t\t\t\t\t<p>Som kund hos Mikro Ekonomi Stockholm AB kan du fokusera p\u00e5 det du \u00e4r b\u00e4st p\u00e5 \u2013 att driva ditt f\u00f6retag. Genom v\u00e5rt samarbete f\u00e5r du tillg\u00e5ng till kompetent personal som kan ge underst\u00f6d och hj\u00e4lpa dig utveckla ditt f\u00f6retagande.<\/p>\t\t\t\t\t\t\t\t<\/div>\n\t\t\t\t<\/div>\n\t\t\t\t\t<\/div>\n\t\t<\/div>\n\t\t\t\t<div class=\"elementor-column elementor-col-50 elementor-inner-column elementor-element elementor-element-a674b8b\" data-id=\"a674b8b\" data-element_type=\"column\" data-e-type=\"column\">\n\t\t\t<div class=\"elementor-widget-wrap elementor-element-populated\">\n\t\t\t\t\t\t<div class=\"elementor-element elementor-element-e7cdc7d elementor-align-right elementor-tablet-align-center elementor-widget elementor-widget-button\" data-id=\"e7cdc7d\" data-element_type=\"widget\" data-e-type=\"widget\" data-widget_type=\"button.default\">\n\t\t\t\t<div class=\"elementor-widget-container\">\n\t\t\t\t\t\t\t\t\t<div class=\"elementor-button-wrapper\">\n\t\t\t\t\t<a class=\"elementor-button elementor-button-link elementor-size-sm\" href=\"https:\/\/mikro.nu\/index.php\/kontakt\/\">\n\t\t\t\t\t\t<span class=\"elementor-button-content-wrapper\">\n\t\t\t\t\t\t\t\t\t<span class=\"elementor-button-text\">Kontakta oss<\/span>\n\t\t\t\t\t<\/span>\n\t\t\t\t\t<\/a>\n\t\t\t\t<\/div>\n\t\t\t\t\t\t\t\t<\/div>\n\t\t\t\t<\/div>\n\t\t\t\t\t<\/div>\n\t\t<\/div>\n\t\t\t\t\t<\/div>\n\t\t<\/section>\n\t\t\t\t\t<\/div>\n\t\t<\/div>\n\t\t\t\t\t<\/div>\n\t\t<\/section>\n\t\t\t\t<\/div>\n\t\t","protected":false},"excerpt":{"rendered":"<p>Om oss Mikro Ekonomi Stockholm AB Vi bedriver konsultverksamhet inom&nbsp;ekonomi, redovisning och l\u00f6neadministration. Vilka \u00e4r vi? Vi \u00e4r en ekonomibyr\u00e5 med m\u00e5nga \u00e5rs erfarenhet som v\u00e4rderar kunskap, flitigt arbete och ett bra samarbete med kund som kollega. Idag \u00e4r det en andra \u00e4gargeneration best\u00e5ende av tv\u00e5 seniora medarbetare som driver byr\u00e5n. Vi \u00e4r totalt \u00e5tta [&hellip;]<\/p>\n","protected":false},"author":2,"featured_media":0,"parent":0,"menu_order":0,"comment_status":"closed","ping_status":"closed","template":"","meta":{"site-sidebar-layout":"no-sidebar","site-content-layout":"page-builder","ast-site-content-layout":"default","site-content-style":"default","site-sidebar-style":"default","ast-global-header-display":"","ast-banner-title-visibility":"","ast-main-header-display":"","ast-hfb-above-header-display":"","ast-hfb-below-header-display":"","ast-hfb-mobile-header-display":"","site-post-title":"disabled","ast-breadcrumbs-content":"","ast-featured-img":"disabled","footer-sml-layout":"","ast-disable-related-posts":"","theme-transparent-header-meta":"enabled","adv-header-id-meta":"","stick-header-meta":"","header-above-stick-meta":"","header-main-stick-meta":"","header-below-stick-meta":"","astra-migrate-meta-layouts":"default","ast-page-background-enabled":"default","ast-page-background-meta":{"desktop":{"background-color":"","background-image":"","background-repeat":"repeat","background-position":"center center","background-size":"auto","background-attachment":"scroll","background-type":"","background-media":"","overlay-type":"","overlay-color":"","overlay-opacity":"","overlay-gradient":""},"tablet":{"background-color":"","background-image":"","background-repeat":"repeat","background-position":"center center","background-size":"auto","background-attachment":"scroll","background-type":"","background-media":"","overlay-type":"","overlay-color":"","overlay-opacity":"","overlay-gradient":""},"mobile":{"background-color":"","background-image":"","background-repeat":"repeat","background-position":"center center","background-size":"auto","background-attachment":"scroll","background-type":"","background-media":"","overlay-type":"","overlay-color":"","overlay-opacity":"","overlay-gradient":""}},"ast-content-background-meta":{"desktop":{"background-color":"var(--ast-global-color-5)","background-image":"","background-repeat":"repeat","background-position":"center center","background-size":"auto","background-attachment":"scroll","background-type":"","background-media":"","overlay-type":"","overlay-color":"","overlay-opacity":"","overlay-gradient":""},"tablet":{"background-color":"var(--ast-global-color-5)","background-image":"","background-repeat":"repeat","background-position":"center center","background-size":"auto","background-attachment":"scroll","background-type":"","background-media":"","overlay-type":"","overlay-color":"","overlay-opacity":"","overlay-gradient":""},"mobile":{"background-color":"var(--ast-global-color-5)","background-image":"","background-repeat":"repeat","background-position":"center center","background-size":"auto","background-attachment":"scroll","background-type":"","background-media":"","overlay-type":"","overlay-color":"","overlay-opacity":"","overlay-gradient":""}},"footnotes":""},"class_list":["post-1780","page","type-page","status-publish","hentry"],"yoast_head":"<!-- This site is optimized with the Yoast SEO plugin v27.3 - https:\/\/yoast.com\/product\/yoast-seo-wordpress\/ -->\n<title>Om Mikro - Mikro<\/title>\n<meta name=\"robots\" content=\"index, follow, max-snippet:-1, max-image-preview:large, max-video-preview:-1\" \/>\n<link rel=\"canonical\" href=\"https:\/\/mikro.nu\/index.php\/om-oss-2\/\" \/>\n<meta property=\"og:locale\" content=\"sv_SE\" \/>\n<meta property=\"og:type\" content=\"article\" \/>\n<meta property=\"og:title\" content=\"Om Mikro - Mikro\" \/>\n<meta property=\"og:description\" content=\"Om oss Mikro Ekonomi Stockholm AB Vi bedriver konsultverksamhet inom&nbsp;ekonomi, redovisning och l\u00f6neadministration. Vilka \u00e4r vi? Vi \u00e4r en ekonomibyr\u00e5 med m\u00e5nga \u00e5rs erfarenhet som v\u00e4rderar kunskap, flitigt arbete och ett bra samarbete med kund som kollega. Idag \u00e4r det en andra \u00e4gargeneration best\u00e5ende av tv\u00e5 seniora medarbetare som driver byr\u00e5n. Vi \u00e4r totalt \u00e5tta [&hellip;]\" \/>\n<meta property=\"og:url\" content=\"https:\/\/mikro.nu\/index.php\/om-oss-2\/\" \/>\n<meta property=\"og:site_name\" content=\"Mikro\" \/>\n<meta property=\"article:modified_time\" content=\"2022-12-22T11:56:32+00:00\" \/>\n<meta name=\"twitter:card\" content=\"summary_large_image\" \/>\n<meta name=\"twitter:label1\" content=\"Ber\u00e4knad l\u00e4stid\" \/>\n\t<meta name=\"twitter:data1\" content=\"2 minuter\" \/>\n<script type=\"application\/ld+json\" class=\"yoast-schema-graph\">{\"@context\":\"https:\\\/\\\/schema.org\",\"@graph\":[{\"@type\":\"WebPage\",\"@id\":\"https:\\\/\\\/mikro.nu\\\/index.php\\\/om-oss-2\\\/\",\"url\":\"https:\\\/\\\/mikro.nu\\\/index.php\\\/om-oss-2\\\/\",\"name\":\"Om Mikro - Mikro\",\"isPartOf\":{\"@id\":\"https:\\\/\\\/mikro.nu\\\/#website\"},\"datePublished\":\"2022-11-14T15:29:41+00:00\",\"dateModified\":\"2022-12-22T11:56:32+00:00\",\"breadcrumb\":{\"@id\":\"https:\\\/\\\/mikro.nu\\\/index.php\\\/om-oss-2\\\/#breadcrumb\"},\"inLanguage\":\"sv-SE\",\"potentialAction\":[{\"@type\":\"ReadAction\",\"target\":[\"https:\\\/\\\/mikro.nu\\\/index.php\\\/om-oss-2\\\/\"]}]},{\"@type\":\"BreadcrumbList\",\"@id\":\"https:\\\/\\\/mikro.nu\\\/index.php\\\/om-oss-2\\\/#breadcrumb\",\"itemListElement\":[{\"@type\":\"ListItem\",\"position\":1,\"name\":\"Hem\",\"item\":\"https:\\\/\\\/mikro.nu\\\/\"},{\"@type\":\"ListItem\",\"position\":2,\"name\":\"Om Mikro\"}]},{\"@type\":\"WebSite\",\"@id\":\"https:\\\/\\\/mikro.nu\\\/#website\",\"url\":\"https:\\\/\\\/mikro.nu\\\/\",\"name\":\"Mikro\",\"description\":\"Mikro Ekonomi Stockholm AB\",\"publisher\":{\"@id\":\"https:\\\/\\\/mikro.nu\\\/#organization\"},\"potentialAction\":[{\"@type\":\"SearchAction\",\"target\":{\"@type\":\"EntryPoint\",\"urlTemplate\":\"https:\\\/\\\/mikro.nu\\\/?s={search_term_string}\"},\"query-input\":{\"@type\":\"PropertyValueSpecification\",\"valueRequired\":true,\"valueName\":\"search_term_string\"}}],\"inLanguage\":\"sv-SE\"},{\"@type\":\"Organization\",\"@id\":\"https:\\\/\\\/mikro.nu\\\/#organization\",\"name\":\"Mikro Ekonomi Stockholm AB\",\"url\":\"https:\\\/\\\/mikro.nu\\\/\",\"logo\":{\"@type\":\"ImageObject\",\"inLanguage\":\"sv-SE\",\"@id\":\"https:\\\/\\\/mikro.nu\\\/#\\\/schema\\\/logo\\\/image\\\/\",\"url\":\"https:\\\/\\\/mikro.nu\\\/wp-content\\\/uploads\\\/2022\\\/11\\\/cropped-m-9.png\",\"contentUrl\":\"https:\\\/\\\/mikro.nu\\\/wp-content\\\/uploads\\\/2022\\\/11\\\/cropped-m-9.png\",\"width\":1233,\"height\":432,\"caption\":\"Mikro Ekonomi Stockholm AB\"},\"image\":{\"@id\":\"https:\\\/\\\/mikro.nu\\\/#\\\/schema\\\/logo\\\/image\\\/\"},\"sameAs\":[\"https:\\\/\\\/www.instagram.com\\\/mikro_ekonomiab\\\/\"]}]}<\/script>\n<!-- \/ Yoast SEO plugin. -->","yoast_head_json":{"title":"Om Mikro - Mikro","robots":{"index":"index","follow":"follow","max-snippet":"max-snippet:-1","max-image-preview":"max-image-preview:large","max-video-preview":"max-video-preview:-1"},"canonical":"https:\/\/mikro.nu\/index.php\/om-oss-2\/","og_locale":"sv_SE","og_type":"article","og_title":"Om Mikro - Mikro","og_description":"Om oss Mikro Ekonomi Stockholm AB Vi bedriver konsultverksamhet inom&nbsp;ekonomi, redovisning och l\u00f6neadministration. Vilka \u00e4r vi? Vi \u00e4r en ekonomibyr\u00e5 med m\u00e5nga \u00e5rs erfarenhet som v\u00e4rderar kunskap, flitigt arbete och ett bra samarbete med kund som kollega. Idag \u00e4r det en andra \u00e4gargeneration best\u00e5ende av tv\u00e5 seniora medarbetare som driver byr\u00e5n. Vi \u00e4r totalt \u00e5tta [&hellip;]","og_url":"https:\/\/mikro.nu\/index.php\/om-oss-2\/","og_site_name":"Mikro","article_modified_time":"2022-12-22T11:56:32+00:00","twitter_card":"summary_large_image","twitter_misc":{"Ber\u00e4knad l\u00e4stid":"2 minuter"},"schema":{"@context":"https:\/\/schema.org","@graph":[{"@type":"WebPage","@id":"https:\/\/mikro.nu\/index.php\/om-oss-2\/","url":"https:\/\/mikro.nu\/index.php\/om-oss-2\/","name":"Om Mikro - Mikro","isPartOf":{"@id":"https:\/\/mikro.nu\/#website"},"datePublished":"2022-11-14T15:29:41+00:00","dateModified":"2022-12-22T11:56:32+00:00","breadcrumb":{"@id":"https:\/\/mikro.nu\/index.php\/om-oss-2\/#breadcrumb"},"inLanguage":"sv-SE","potentialAction":[{"@type":"ReadAction","target":["https:\/\/mikro.nu\/index.php\/om-oss-2\/"]}]},{"@type":"BreadcrumbList","@id":"https:\/\/mikro.nu\/index.php\/om-oss-2\/#breadcrumb","itemListElement":[{"@type":"ListItem","position":1,"name":"Hem","item":"https:\/\/mikro.nu\/"},{"@type":"ListItem","position":2,"name":"Om Mikro"}]},{"@type":"WebSite","@id":"https:\/\/mikro.nu\/#website","url":"https:\/\/mikro.nu\/","name":"Mikro","description":"Mikro Ekonomi Stockholm AB","publisher":{"@id":"https:\/\/mikro.nu\/#organization"},"potentialAction":[{"@type":"SearchAction","target":{"@type":"EntryPoint","urlTemplate":"https:\/\/mikro.nu\/?s={search_term_string}"},"query-input":{"@type":"PropertyValueSpecification","valueRequired":true,"valueName":"search_term_string"}}],"inLanguage":"sv-SE"},{"@type":"Organization","@id":"https:\/\/mikro.nu\/#organization","name":"Mikro Ekonomi Stockholm AB","url":"https:\/\/mikro.nu\/","logo":{"@type":"ImageObject","inLanguage":"sv-SE","@id":"https:\/\/mikro.nu\/#\/schema\/logo\/image\/","url":"https:\/\/mikro.nu\/wp-content\/uploads\/2022\/11\/cropped-m-9.png","contentUrl":"https:\/\/mikro.nu\/wp-content\/uploads\/2022\/11\/cropped-m-9.png","width":1233,"height":432,"caption":"Mikro Ekonomi Stockholm AB"},"image":{"@id":"https:\/\/mikro.nu\/#\/schema\/logo\/image\/"},"sameAs":["https:\/\/www.instagram.com\/mikro_ekonomiab\/"]}]}},"_links":{"self":[{"href":"https:\/\/mikro.nu\/index.php\/wp-json\/wp\/v2\/pages\/1780","targetHints":{"allow":["GET"]}}],"collection":[{"href":"https:\/\/mikro.nu\/index.php\/wp-json\/wp\/v2\/pages"}],"about":[{"href":"https:\/\/mikro.nu\/index.php\/wp-json\/wp\/v2\/types\/page"}],"author":[{"embeddable":true,"href":"https:\/\/mikro.nu\/index.php\/wp-json\/wp\/v2\/users\/2"}],"replies":[{"embeddable":true,"href":"https:\/\/mikro.nu\/index.php\/wp-json\/wp\/v2\/comments?post=1780"}],"version-history":[{"count":52,"href":"https:\/\/mikro.nu\/index.php\/wp-json\/wp\/v2\/pages\/1780\/revisions"}],"predecessor-version":[{"id":2615,"href":"https:\/\/mikro.nu\/index.php\/wp-json\/wp\/v2\/pages\/1780\/revisions\/2615"}],"wp:attachment":[{"href":"https:\/\/mikro.nu\/index.php\/wp-json\/wp\/v2\/media?parent=1780"}],"curies":[{"name":"wp","href":"https:\/\/api.w.org\/{rel}","templated":true}]}}