{"id":1733,"date":"2022-11-14T15:25:53","date_gmt":"2022-11-14T14:25:53","guid":{"rendered":"https:\/\/mikro.nu\/?page_id=1733"},"modified":"2024-03-01T13:57:38","modified_gmt":"2024-03-01T12:57:38","slug":"jobba-hos-oss","status":"publish","type":"page","link":"https:\/\/mikro.nu\/index.php\/jobba-hos-oss\/","title":{"rendered":"Jobba hos oss"},"content":{"rendered":"\t\t<div data-elementor-type=\"wp-page\" data-elementor-id=\"1733\" class=\"elementor elementor-1733\">\n\t\t\t\t\t\t<section class=\"elementor-section elementor-top-section elementor-element elementor-element-53656d6 elementor-section-boxed elementor-section-height-default elementor-section-height-default\" data-id=\"53656d6\" data-element_type=\"section\" data-e-type=\"section\">\n\t\t\t\t\t\t<div class=\"elementor-container elementor-column-gap-default\">\n\t\t\t\t\t<div class=\"elementor-column elementor-col-100 elementor-top-column elementor-element elementor-element-067a64e\" data-id=\"067a64e\" data-element_type=\"column\" data-e-type=\"column\">\n\t\t\t<div class=\"elementor-widget-wrap elementor-element-populated\">\n\t\t\t\t\t\t<div class=\"elementor-element elementor-element-aa91273 elementor-widget elementor-widget-spacer\" data-id=\"aa91273\" data-element_type=\"widget\" data-e-type=\"widget\" data-widget_type=\"spacer.default\">\n\t\t\t\t<div class=\"elementor-widget-container\">\n\t\t\t\t\t\t\t<div class=\"elementor-spacer\">\n\t\t\t<div class=\"elementor-spacer-inner\"><\/div>\n\t\t<\/div>\n\t\t\t\t\t\t<\/div>\n\t\t\t\t<\/div>\n\t\t\t\t<div class=\"elementor-element elementor-element-19513a6 elementor-invisible elementor-widget elementor-widget-heading\" data-id=\"19513a6\" data-element_type=\"widget\" data-e-type=\"widget\" data-settings=\"{&quot;_animation&quot;:&quot;fadeIn&quot;}\" data-widget_type=\"heading.default\">\n\t\t\t\t<div class=\"elementor-widget-container\">\n\t\t\t\t\t<h2 class=\"elementor-heading-title elementor-size-default\">Jobba hos oss<\/h2>\t\t\t\t<\/div>\n\t\t\t\t<\/div>\n\t\t\t\t\t<\/div>\n\t\t<\/div>\n\t\t\t\t\t<\/div>\n\t\t<\/section>\n\t\t\t\t<section class=\"elementor-section elementor-top-section elementor-element elementor-element-c2f3c43 elementor-section-boxed elementor-section-height-default elementor-section-height-default elementor-invisible\" data-id=\"c2f3c43\" data-element_type=\"section\" data-e-type=\"section\" data-settings=\"{&quot;animation&quot;:&quot;fadeIn&quot;}\">\n\t\t\t\t\t\t<div class=\"elementor-container elementor-column-gap-default\">\n\t\t\t\t\t<div class=\"elementor-column elementor-col-100 elementor-top-column elementor-element elementor-element-16ed740\" data-id=\"16ed740\" data-element_type=\"column\" data-e-type=\"column\">\n\t\t\t<div class=\"elementor-widget-wrap elementor-element-populated\">\n\t\t\t\t\t\t<div class=\"elementor-element elementor-element-8c31cbc elementor-widget elementor-widget-text-editor\" data-id=\"8c31cbc\" data-element_type=\"widget\" data-e-type=\"widget\" data-widget_type=\"text-editor.default\">\n\t\t\t\t<div class=\"elementor-widget-container\">\n\t\t\t\t\t\t\t\t\t<p>Vi s\u00f6ker nu en erfaren redovisningskonsult! Gillar du att arbeta i en r\u00e5dgivande roll mot kunder och ha de b\u00e4sta digitala verktygen, som Fortnox och Capego, till din hj\u00e4lp? D\u00e5 kan du vara precis den vi s\u00f6ker! Du arbetar i team med en junior kollega, d\u00e4r du kommer ha huvudansvaret f\u00f6r kunderna. Kontoret \u00e4r bel\u00e4get i vackra M\u00e4larh\u00f6jden. \u00c4r du redo att ta n\u00e4sta kliv i karri\u00e4ren?<\/p>\n<p><span style=\"font-style: inherit; font-weight: inherit; background-color: var(--ast-global-color-4); color: var(--ast-global-color-3);\">V\u00e4lkommen att l\u00e4mna in din intresseanm\u00e4lan till info@mikro.nu!<\/span><\/p>\t\t\t\t\t\t\t\t<\/div>\n\t\t\t\t<\/div>\n\t\t\t\t\t<\/div>\n\t\t<\/div>\n\t\t\t\t\t<\/div>\n\t\t<\/section>\n\t\t\t\t<section class=\"elementor-section elementor-top-section elementor-element elementor-element-3cc29e2 elementor-section-boxed elementor-section-height-default elementor-section-height-default\" data-id=\"3cc29e2\" data-element_type=\"section\" data-e-type=\"section\">\n\t\t\t\t\t\t<div class=\"elementor-container elementor-column-gap-default\">\n\t\t\t\t\t<div class=\"elementor-column elementor-col-100 elementor-top-column elementor-element elementor-element-9ae85b2\" data-id=\"9ae85b2\" data-element_type=\"column\" data-e-type=\"column\">\n\t\t\t<div class=\"elementor-widget-wrap elementor-element-populated\">\n\t\t\t\t\t\t<section class=\"elementor-section elementor-inner-section elementor-element elementor-element-70d5c16 elementor-section-boxed elementor-section-height-default elementor-section-height-default elementor-invisible\" data-id=\"70d5c16\" data-element_type=\"section\" data-e-type=\"section\" data-settings=\"{&quot;animation&quot;:&quot;fadeIn&quot;}\">\n\t\t\t\t\t\t<div class=\"elementor-container elementor-column-gap-default\">\n\t\t\t\t\t<div class=\"elementor-column elementor-col-100 elementor-inner-column elementor-element elementor-element-9c070be\" data-id=\"9c070be\" data-element_type=\"column\" data-e-type=\"column\">\n\t\t\t<div class=\"elementor-widget-wrap elementor-element-populated\">\n\t\t\t\t\t\t<div class=\"elementor-element elementor-element-e4bfd4a elementor-widget elementor-widget-image\" data-id=\"e4bfd4a\" data-element_type=\"widget\" data-e-type=\"widget\" data-widget_type=\"image.default\">\n\t\t\t\t<div class=\"elementor-widget-container\">\n\t\t\t\t\t\t\t\t\t\t\t\t\t\t\t\t<a href=\"mailto:info@mikro.nu\">\n\t\t\t\t\t\t\t<img fetchpriority=\"high\" decoding=\"async\" width=\"300\" height=\"300\" src=\"https:\/\/mikro.nu\/wp-content\/uploads\/2023\/05\/Vi-soker-erfaren-Redovisningskonsult-2-300x300.png\" class=\"elementor-animation-grow attachment-medium size-medium wp-image-3069\" alt=\"\" srcset=\"https:\/\/mikro.nu\/wp-content\/uploads\/2023\/05\/Vi-soker-erfaren-Redovisningskonsult-2-300x300.png 300w, https:\/\/mikro.nu\/wp-content\/uploads\/2023\/05\/Vi-soker-erfaren-Redovisningskonsult-2-1024x1024.png 1024w, https:\/\/mikro.nu\/wp-content\/uploads\/2023\/05\/Vi-soker-erfaren-Redovisningskonsult-2-150x150.png 150w, https:\/\/mikro.nu\/wp-content\/uploads\/2023\/05\/Vi-soker-erfaren-Redovisningskonsult-2-768x768.png 768w, https:\/\/mikro.nu\/wp-content\/uploads\/2023\/05\/Vi-soker-erfaren-Redovisningskonsult-2.png 1080w\" sizes=\"(max-width: 300px) 100vw, 300px\" \/>\t\t\t\t\t\t\t\t<\/a>\n\t\t\t\t\t\t\t\t\t\t\t\t\t\t\t<\/div>\n\t\t\t\t<\/div>\n\t\t\t\t\t<\/div>\n\t\t<\/div>\n\t\t\t\t\t<\/div>\n\t\t<\/section>\n\t\t\t\t\t<\/div>\n\t\t<\/div>\n\t\t\t\t\t<\/div>\n\t\t<\/section>\n\t\t\t\t<\/div>\n\t\t","protected":false},"excerpt":{"rendered":"<p>Jobba hos oss Vi s\u00f6ker nu en erfaren redovisningskonsult! Gillar du att arbeta i en r\u00e5dgivande roll mot kunder och ha de b\u00e4sta digitala verktygen, som Fortnox och Capego, till din hj\u00e4lp? D\u00e5 kan du vara precis den vi s\u00f6ker! Du arbetar i team med en junior kollega, d\u00e4r du kommer ha huvudansvaret f\u00f6r kunderna. [&hellip;]<\/p>\n","protected":false},"author":2,"featured_media":0,"parent":0,"menu_order":0,"comment_status":"closed","ping_status":"closed","template":"","meta":{"site-sidebar-layout":"no-sidebar","site-content-layout":"page-builder","ast-site-content-layout":"default","site-content-style":"default","site-sidebar-style":"default","ast-global-header-display":"","ast-banner-title-visibility":"","ast-main-header-display":"","ast-hfb-above-header-display":"","ast-hfb-below-header-display":"","ast-hfb-mobile-header-display":"","site-post-title":"disabled","ast-breadcrumbs-content":"","ast-featured-img":"disabled","footer-sml-layout":"","ast-disable-related-posts":"","theme-transparent-header-meta":"","adv-header-id-meta":"","stick-header-meta":"","header-above-stick-meta":"","header-main-stick-meta":"","header-below-stick-meta":"","astra-migrate-meta-layouts":"default","ast-page-background-enabled":"default","ast-page-background-meta":{"desktop":{"background-color":"","background-image":"","background-repeat":"repeat","background-position":"center center","background-size":"auto","background-attachment":"scroll","background-type":"","background-media":"","overlay-type":"","overlay-color":"","overlay-opacity":"","overlay-gradient":""},"tablet":{"background-color":"","background-image":"","background-repeat":"repeat","background-position":"center center","background-size":"auto","background-attachment":"scroll","background-type":"","background-media":"","overlay-type":"","overlay-color":"","overlay-opacity":"","overlay-gradient":""},"mobile":{"background-color":"","background-image":"","background-repeat":"repeat","background-position":"center center","background-size":"auto","background-attachment":"scroll","background-type":"","background-media":"","overlay-type":"","overlay-color":"","overlay-opacity":"","overlay-gradient":""}},"ast-content-background-meta":{"desktop":{"background-color":"var(--ast-global-color-5)","background-image":"","background-repeat":"repeat","background-position":"center center","background-size":"auto","background-attachment":"scroll","background-type":"","background-media":"","overlay-type":"","overlay-color":"","overlay-opacity":"","overlay-gradient":""},"tablet":{"background-color":"var(--ast-global-color-5)","background-image":"","background-repeat":"repeat","background-position":"center center","background-size":"auto","background-attachment":"scroll","background-type":"","background-media":"","overlay-type":"","overlay-color":"","overlay-opacity":"","overlay-gradient":""},"mobile":{"background-color":"var(--ast-global-color-5)","background-image":"","background-repeat":"repeat","background-position":"center center","background-size":"auto","background-attachment":"scroll","background-type":"","background-media":"","overlay-type":"","overlay-color":"","overlay-opacity":"","overlay-gradient":""}},"footnotes":""},"class_list":["post-1733","page","type-page","status-publish","hentry"],"yoast_head":"<!-- This site is optimized with the Yoast SEO plugin v27.3 - https:\/\/yoast.com\/product\/yoast-seo-wordpress\/ -->\n<title>Jobba hos oss - Mikro<\/title>\n<meta name=\"robots\" content=\"index, follow, max-snippet:-1, max-image-preview:large, max-video-preview:-1\" \/>\n<link rel=\"canonical\" href=\"https:\/\/mikro.nu\/index.php\/jobba-hos-oss\/\" \/>\n<meta property=\"og:locale\" content=\"sv_SE\" \/>\n<meta property=\"og:type\" content=\"article\" \/>\n<meta property=\"og:title\" content=\"Jobba hos oss - Mikro\" \/>\n<meta property=\"og:description\" content=\"Jobba hos oss Vi s\u00f6ker nu en erfaren redovisningskonsult! Gillar du att arbeta i en r\u00e5dgivande roll mot kunder och ha de b\u00e4sta digitala verktygen, som Fortnox och Capego, till din hj\u00e4lp? D\u00e5 kan du vara precis den vi s\u00f6ker! Du arbetar i team med en junior kollega, d\u00e4r du kommer ha huvudansvaret f\u00f6r kunderna. [&hellip;]\" \/>\n<meta property=\"og:url\" content=\"https:\/\/mikro.nu\/index.php\/jobba-hos-oss\/\" \/>\n<meta property=\"og:site_name\" content=\"Mikro\" \/>\n<meta property=\"article:modified_time\" content=\"2024-03-01T12:57:38+00:00\" \/>\n<meta property=\"og:image\" content=\"https:\/\/mikro.nu\/wp-content\/uploads\/2023\/05\/Vi-soker-erfaren-Redovisningskonsult-2-300x300.png\" \/>\n<meta name=\"twitter:card\" content=\"summary_large_image\" \/>\n<meta name=\"twitter:label1\" content=\"Ber\u00e4knad l\u00e4stid\" \/>\n\t<meta name=\"twitter:data1\" content=\"1 minut\" \/>\n<script type=\"application\/ld+json\" class=\"yoast-schema-graph\">{\"@context\":\"https:\\\/\\\/schema.org\",\"@graph\":[{\"@type\":\"WebPage\",\"@id\":\"https:\\\/\\\/mikro.nu\\\/index.php\\\/jobba-hos-oss\\\/\",\"url\":\"https:\\\/\\\/mikro.nu\\\/index.php\\\/jobba-hos-oss\\\/\",\"name\":\"Jobba hos oss - Mikro\",\"isPartOf\":{\"@id\":\"https:\\\/\\\/mikro.nu\\\/#website\"},\"primaryImageOfPage\":{\"@id\":\"https:\\\/\\\/mikro.nu\\\/index.php\\\/jobba-hos-oss\\\/#primaryimage\"},\"image\":{\"@id\":\"https:\\\/\\\/mikro.nu\\\/index.php\\\/jobba-hos-oss\\\/#primaryimage\"},\"thumbnailUrl\":\"https:\\\/\\\/mikro.nu\\\/wp-content\\\/uploads\\\/2023\\\/05\\\/Vi-soker-erfaren-Redovisningskonsult-2-300x300.png\",\"datePublished\":\"2022-11-14T14:25:53+00:00\",\"dateModified\":\"2024-03-01T12:57:38+00:00\",\"breadcrumb\":{\"@id\":\"https:\\\/\\\/mikro.nu\\\/index.php\\\/jobba-hos-oss\\\/#breadcrumb\"},\"inLanguage\":\"sv-SE\",\"potentialAction\":[{\"@type\":\"ReadAction\",\"target\":[\"https:\\\/\\\/mikro.nu\\\/index.php\\\/jobba-hos-oss\\\/\"]}]},{\"@type\":\"ImageObject\",\"inLanguage\":\"sv-SE\",\"@id\":\"https:\\\/\\\/mikro.nu\\\/index.php\\\/jobba-hos-oss\\\/#primaryimage\",\"url\":\"https:\\\/\\\/mikro.nu\\\/wp-content\\\/uploads\\\/2023\\\/05\\\/Vi-soker-erfaren-Redovisningskonsult-2.png\",\"contentUrl\":\"https:\\\/\\\/mikro.nu\\\/wp-content\\\/uploads\\\/2023\\\/05\\\/Vi-soker-erfaren-Redovisningskonsult-2.png\",\"width\":1080,\"height\":1080},{\"@type\":\"BreadcrumbList\",\"@id\":\"https:\\\/\\\/mikro.nu\\\/index.php\\\/jobba-hos-oss\\\/#breadcrumb\",\"itemListElement\":[{\"@type\":\"ListItem\",\"position\":1,\"name\":\"Hem\",\"item\":\"https:\\\/\\\/mikro.nu\\\/\"},{\"@type\":\"ListItem\",\"position\":2,\"name\":\"Jobba hos oss\"}]},{\"@type\":\"WebSite\",\"@id\":\"https:\\\/\\\/mikro.nu\\\/#website\",\"url\":\"https:\\\/\\\/mikro.nu\\\/\",\"name\":\"Mikro\",\"description\":\"Mikro Ekonomi Stockholm AB\",\"publisher\":{\"@id\":\"https:\\\/\\\/mikro.nu\\\/#organization\"},\"potentialAction\":[{\"@type\":\"SearchAction\",\"target\":{\"@type\":\"EntryPoint\",\"urlTemplate\":\"https:\\\/\\\/mikro.nu\\\/?s={search_term_string}\"},\"query-input\":{\"@type\":\"PropertyValueSpecification\",\"valueRequired\":true,\"valueName\":\"search_term_string\"}}],\"inLanguage\":\"sv-SE\"},{\"@type\":\"Organization\",\"@id\":\"https:\\\/\\\/mikro.nu\\\/#organization\",\"name\":\"Mikro Ekonomi Stockholm AB\",\"url\":\"https:\\\/\\\/mikro.nu\\\/\",\"logo\":{\"@type\":\"ImageObject\",\"inLanguage\":\"sv-SE\",\"@id\":\"https:\\\/\\\/mikro.nu\\\/#\\\/schema\\\/logo\\\/image\\\/\",\"url\":\"https:\\\/\\\/mikro.nu\\\/wp-content\\\/uploads\\\/2022\\\/11\\\/cropped-m-9.png\",\"contentUrl\":\"https:\\\/\\\/mikro.nu\\\/wp-content\\\/uploads\\\/2022\\\/11\\\/cropped-m-9.png\",\"width\":1233,\"height\":432,\"caption\":\"Mikro Ekonomi Stockholm AB\"},\"image\":{\"@id\":\"https:\\\/\\\/mikro.nu\\\/#\\\/schema\\\/logo\\\/image\\\/\"},\"sameAs\":[\"https:\\\/\\\/www.instagram.com\\\/mikro_ekonomiab\\\/\"]}]}<\/script>\n<!-- \/ Yoast SEO plugin. -->","yoast_head_json":{"title":"Jobba hos oss - Mikro","robots":{"index":"index","follow":"follow","max-snippet":"max-snippet:-1","max-image-preview":"max-image-preview:large","max-video-preview":"max-video-preview:-1"},"canonical":"https:\/\/mikro.nu\/index.php\/jobba-hos-oss\/","og_locale":"sv_SE","og_type":"article","og_title":"Jobba hos oss - Mikro","og_description":"Jobba hos oss Vi s\u00f6ker nu en erfaren redovisningskonsult! Gillar du att arbeta i en r\u00e5dgivande roll mot kunder och ha de b\u00e4sta digitala verktygen, som Fortnox och Capego, till din hj\u00e4lp? D\u00e5 kan du vara precis den vi s\u00f6ker! Du arbetar i team med en junior kollega, d\u00e4r du kommer ha huvudansvaret f\u00f6r kunderna. [&hellip;]","og_url":"https:\/\/mikro.nu\/index.php\/jobba-hos-oss\/","og_site_name":"Mikro","article_modified_time":"2024-03-01T12:57:38+00:00","og_image":[{"url":"https:\/\/mikro.nu\/wp-content\/uploads\/2023\/05\/Vi-soker-erfaren-Redovisningskonsult-2-300x300.png","type":"","width":"","height":""}],"twitter_card":"summary_large_image","twitter_misc":{"Ber\u00e4knad l\u00e4stid":"1 minut"},"schema":{"@context":"https:\/\/schema.org","@graph":[{"@type":"WebPage","@id":"https:\/\/mikro.nu\/index.php\/jobba-hos-oss\/","url":"https:\/\/mikro.nu\/index.php\/jobba-hos-oss\/","name":"Jobba hos oss - Mikro","isPartOf":{"@id":"https:\/\/mikro.nu\/#website"},"primaryImageOfPage":{"@id":"https:\/\/mikro.nu\/index.php\/jobba-hos-oss\/#primaryimage"},"image":{"@id":"https:\/\/mikro.nu\/index.php\/jobba-hos-oss\/#primaryimage"},"thumbnailUrl":"https:\/\/mikro.nu\/wp-content\/uploads\/2023\/05\/Vi-soker-erfaren-Redovisningskonsult-2-300x300.png","datePublished":"2022-11-14T14:25:53+00:00","dateModified":"2024-03-01T12:57:38+00:00","breadcrumb":{"@id":"https:\/\/mikro.nu\/index.php\/jobba-hos-oss\/#breadcrumb"},"inLanguage":"sv-SE","potentialAction":[{"@type":"ReadAction","target":["https:\/\/mikro.nu\/index.php\/jobba-hos-oss\/"]}]},{"@type":"ImageObject","inLanguage":"sv-SE","@id":"https:\/\/mikro.nu\/index.php\/jobba-hos-oss\/#primaryimage","url":"https:\/\/mikro.nu\/wp-content\/uploads\/2023\/05\/Vi-soker-erfaren-Redovisningskonsult-2.png","contentUrl":"https:\/\/mikro.nu\/wp-content\/uploads\/2023\/05\/Vi-soker-erfaren-Redovisningskonsult-2.png","width":1080,"height":1080},{"@type":"BreadcrumbList","@id":"https:\/\/mikro.nu\/index.php\/jobba-hos-oss\/#breadcrumb","itemListElement":[{"@type":"ListItem","position":1,"name":"Hem","item":"https:\/\/mikro.nu\/"},{"@type":"ListItem","position":2,"name":"Jobba hos oss"}]},{"@type":"WebSite","@id":"https:\/\/mikro.nu\/#website","url":"https:\/\/mikro.nu\/","name":"Mikro","description":"Mikro Ekonomi Stockholm AB","publisher":{"@id":"https:\/\/mikro.nu\/#organization"},"potentialAction":[{"@type":"SearchAction","target":{"@type":"EntryPoint","urlTemplate":"https:\/\/mikro.nu\/?s={search_term_string}"},"query-input":{"@type":"PropertyValueSpecification","valueRequired":true,"valueName":"search_term_string"}}],"inLanguage":"sv-SE"},{"@type":"Organization","@id":"https:\/\/mikro.nu\/#organization","name":"Mikro Ekonomi Stockholm AB","url":"https:\/\/mikro.nu\/","logo":{"@type":"ImageObject","inLanguage":"sv-SE","@id":"https:\/\/mikro.nu\/#\/schema\/logo\/image\/","url":"https:\/\/mikro.nu\/wp-content\/uploads\/2022\/11\/cropped-m-9.png","contentUrl":"https:\/\/mikro.nu\/wp-content\/uploads\/2022\/11\/cropped-m-9.png","width":1233,"height":432,"caption":"Mikro Ekonomi Stockholm AB"},"image":{"@id":"https:\/\/mikro.nu\/#\/schema\/logo\/image\/"},"sameAs":["https:\/\/www.instagram.com\/mikro_ekonomiab\/"]}]}},"_links":{"self":[{"href":"https:\/\/mikro.nu\/index.php\/wp-json\/wp\/v2\/pages\/1733","targetHints":{"allow":["GET"]}}],"collection":[{"href":"https:\/\/mikro.nu\/index.php\/wp-json\/wp\/v2\/pages"}],"about":[{"href":"https:\/\/mikro.nu\/index.php\/wp-json\/wp\/v2\/types\/page"}],"author":[{"embeddable":true,"href":"https:\/\/mikro.nu\/index.php\/wp-json\/wp\/v2\/users\/2"}],"replies":[{"embeddable":true,"href":"https:\/\/mikro.nu\/index.php\/wp-json\/wp\/v2\/comments?post=1733"}],"version-history":[{"count":58,"href":"https:\/\/mikro.nu\/index.php\/wp-json\/wp\/v2\/pages\/1733\/revisions"}],"predecessor-version":[{"id":3332,"href":"https:\/\/mikro.nu\/index.php\/wp-json\/wp\/v2\/pages\/1733\/revisions\/3332"}],"wp:attachment":[{"href":"https:\/\/mikro.nu\/index.php\/wp-json\/wp\/v2\/media?parent=1733"}],"curies":[{"name":"wp","href":"https:\/\/api.w.org\/{rel}","templated":true}]}}